{"id":3105,"date":"2021-07-19T01:35:30","date_gmt":"2021-07-18T23:35:30","guid":{"rendered":"https:\/\/asekuro.pl\/?page_id=3105"},"modified":"2025-06-06T22:15:31","modified_gmt":"2025-06-06T20:15:31","slug":"dziekujemy-za-platnosc","status":"publish","type":"page","link":"https:\/\/asekuro.pl\/uk\/dziekujemy-za-platnosc\/","title":{"rendered":"Dzi\u0119kujemy za p\u0142atno\u015b\u0107"},"content":{"rendered":"<div data-elementor-type=\"wp-page\" data-elementor-id=\"3105\" class=\"elementor elementor-3105\" data-elementor-post-type=\"page\">\n\t\t\t\t\t\t<section class=\"elementor-section elementor-top-section elementor-element elementor-element-1b4d94b elementor-section-height-min-height elementor-section-boxed elementor-section-height-default elementor-section-items-middle\" data-id=\"1b4d94b\" data-element_type=\"section\" data-e-type=\"section\" data-settings=\"{&quot;background_background&quot;:&quot;classic&quot;}\">\n\t\t\t\t\t\t\t<div class=\"elementor-background-overlay\"><\/div>\n\t\t\t\t\t\t\t<div class=\"elementor-container elementor-column-gap-default\">\n\t\t\t\t\t<div class=\"elementor-column elementor-col-100 elementor-top-column elementor-element elementor-element-f10889f\" data-id=\"f10889f\" data-element_type=\"column\" data-e-type=\"column\">\n\t\t\t<div class=\"elementor-widget-wrap elementor-element-populated\">\n\t\t\t\t\t\t<div class=\"elementor-element elementor-element-dece7e6 elementor-widget elementor-widget-heading\" data-id=\"dece7e6\" data-element_type=\"widget\" data-e-type=\"widget\" data-widget_type=\"heading.default\">\n\t\t\t\t\t<h1 class=\"elementor-heading-title elementor-size-default\">Dzi\u0119kujemy za zaufanie<\/h1>\t\t\t\t<\/div>\n\t\t\t\t<div class=\"elementor-element elementor-element-e2a3b59 elementor-widget elementor-widget-text-editor\" data-id=\"e2a3b59\" data-element_type=\"widget\" data-e-type=\"widget\" data-widget_type=\"text-editor.default\">\n\t\t\t\t\t\t\t\t\t<p>Po zatwierdzeniu p\u0142atno\u015bci polisa zostanie wys\u0142ana na maila<\/p>\t\t\t\t\t\t\t\t<\/div>\n\t\t\t\t<div class=\"elementor-element elementor-element-dd509fc elementor-widget elementor-widget-text-editor\" data-id=\"dd509fc\" data-element_type=\"widget\" data-e-type=\"widget\" data-widget_type=\"text-editor.default\">\n\t\t\t\t\t\t\t\t\t<p>Zazwyczaj trwa to kilkana\u015bcie minut<\/p>\t\t\t\t\t\t\t\t<\/div>\n\t\t\t\t\t<\/div>\n\t\t<\/div>\n\t\t\t\t\t<\/div>\n\t\t<\/section>\n\t\t\t\t<\/div>","protected":false},"excerpt":{"rendered":"<p>Dzi\u0119kujemy za zaufanie Po zatwierdzeniu p\u0142atno\u015bci polisa zostanie wys\u0142ana na maila Zazwyczaj trwa to kilkana\u015bcie minut<\/p>","protected":false},"author":4,"featured_media":0,"parent":0,"menu_order":0,"comment_status":"closed","ping_status":"closed","template":"elementor_header_footer","meta":{"footnotes":""},"class_list":["post-3105","page","type-page","status-publish","hentry"],"yoast_head":"<!-- This site is optimized with the Yoast SEO Premium plugin v26.9 (Yoast SEO v26.9) - https:\/\/yoast.com\/product\/yoast-seo-premium-wordpress\/ -->\n<title>Dzi\u0119kujemy za p\u0142atno\u015b\u0107 - Asekuro<\/title>\n<meta name=\"robots\" content=\"noindex, nofollow\" \/>\n<meta property=\"og:locale\" content=\"uk_UA\" \/>\n<meta property=\"og:type\" content=\"article\" \/>\n<meta property=\"og:title\" content=\"Dzi\u0119kujemy za p\u0142atno\u015b\u0107\" \/>\n<meta property=\"og:description\" content=\"Dzi\u0119kujemy za zaufanie Po zatwierdzeniu p\u0142atno\u015bci polisa zostanie wys\u0142ana na maila Zazwyczaj trwa to kilkana\u015bcie minut\" \/>\n<meta property=\"og:url\" content=\"https:\/\/asekuro.pl\/uk\/dziekujemy-za-platnosc\/\" \/>\n<meta property=\"og:site_name\" content=\"Asekuro\" \/>\n<meta property=\"article:publisher\" content=\"https:\/\/www.facebook.com\/asekuro\" \/>\n<meta property=\"article:modified_time\" content=\"2025-06-06T20:15:31+00:00\" \/>\n<meta property=\"og:image\" content=\"https:\/\/asekuro.pl\/wp-content\/uploads\/2022\/04\/asekuro-favicon.png\" \/>\n\t<meta property=\"og:image:width\" content=\"884\" \/>\n\t<meta property=\"og:image:height\" content=\"884\" \/>\n\t<meta property=\"og:image:type\" content=\"image\/png\" \/>\n<meta name=\"twitter:card\" content=\"summary_large_image\" \/>\n<meta name=\"twitter:label1\" content=\"\u041f\u0440\u0438\u0431\u043b. \u0447\u0430\u0441 \u0447\u0438\u0442\u0430\u043d\u043d\u044f\" \/>\n\t<meta name=\"twitter:data1\" content=\"1 \u0445\u0432\u0438\u043b\u0438\u043d\u0430\" \/>\n<script type=\"application\/ld+json\" class=\"yoast-schema-graph\">{\"@context\":\"https:\/\/schema.org\",\"@graph\":[{\"@type\":\"WebPage\",\"@id\":\"https:\/\/asekuro.pl\/dziekujemy-za-platnosc\/\",\"url\":\"https:\/\/asekuro.pl\/dziekujemy-za-platnosc\/\",\"name\":\"Dzi\u0119kujemy za p\u0142atno\u015b\u0107 - Asekuro\",\"isPartOf\":{\"@id\":\"https:\/\/asekuro.pl\/#website\"},\"datePublished\":\"2021-07-18T23:35:30+00:00\",\"dateModified\":\"2025-06-06T20:15:31+00:00\",\"breadcrumb\":{\"@id\":\"https:\/\/asekuro.pl\/dziekujemy-za-platnosc\/#breadcrumb\"},\"inLanguage\":\"uk\",\"potentialAction\":[{\"@type\":\"ReadAction\",\"target\":[\"https:\/\/asekuro.pl\/dziekujemy-za-platnosc\/\"]}]},{\"@type\":\"BreadcrumbList\",\"@id\":\"https:\/\/asekuro.pl\/dziekujemy-za-platnosc\/#breadcrumb\",\"itemListElement\":[{\"@type\":\"ListItem\",\"position\":1,\"name\":\"Start\",\"item\":\"https:\/\/asekuro.pl\/\"},{\"@type\":\"ListItem\",\"position\":2,\"name\":\"Dzi\u0119kujemy za p\u0142atno\u015b\u0107\"}]},{\"@type\":\"WebSite\",\"@id\":\"https:\/\/asekuro.pl\/#website\",\"url\":\"https:\/\/asekuro.pl\/\",\"name\":\"Asekuro.pl ubezpieczenia - komunikacja, turystyka, maj\u0105tek, NNW, firma\",\"description\":\"Aplikacja do ta\u0144szych ubezpiecze\u0144\",\"publisher\":{\"@id\":\"https:\/\/asekuro.pl\/#organization\"},\"alternateName\":\"Asekuro.pl - ubezpieczenia OC\/AC, podr\u00f3\u017cne, maj\u0105tkowe, NNW, firmowe\",\"potentialAction\":[{\"@type\":\"SearchAction\",\"target\":{\"@type\":\"EntryPoint\",\"urlTemplate\":\"https:\/\/asekuro.pl\/?s={search_term_string}\"},\"query-input\":{\"@type\":\"PropertyValueSpecification\",\"valueRequired\":true,\"valueName\":\"search_term_string\"}}],\"inLanguage\":\"uk\"},{\"@type\":\"Organization\",\"@id\":\"https:\/\/asekuro.pl\/#organization\",\"name\":\"Asekuro.pl ubezpieczenia - komunikacja, turystyka, maj\u0105tek, NNW, firma\",\"alternateName\":\"Asekuro.pl - Aplikacja do ta\u0144szych ubezpiecze\u0144\",\"url\":\"https:\/\/asekuro.pl\/\",\"logo\":{\"@type\":\"ImageObject\",\"inLanguage\":\"uk\",\"@id\":\"https:\/\/asekuro.pl\/#\/schema\/logo\/image\/\",\"url\":\"http:\/\/asekuro.pl\/wp-content\/uploads\/2022\/04\/asekuro-favicon.png\",\"contentUrl\":\"http:\/\/asekuro.pl\/wp-content\/uploads\/2022\/04\/asekuro-favicon.png\",\"width\":884,\"height\":884,\"caption\":\"Asekuro.pl ubezpieczenia - komunikacja, turystyka, maj\u0105tek, NNW, firma\"},\"image\":{\"@id\":\"https:\/\/asekuro.pl\/#\/schema\/logo\/image\/\"},\"sameAs\":[\"https:\/\/www.facebook.com\/asekuro\",\"https:\/\/www.instagram.com\/asekuro.pl\/\"]}]}<\/script>\n<!-- \/ Yoast SEO Premium plugin. -->","yoast_head_json":{"title":"Dzi\u0119kujemy za p\u0142atno\u015b\u0107 - Asekuro","robots":{"index":"noindex","follow":"nofollow"},"og_locale":"uk_UA","og_type":"article","og_title":"Dzi\u0119kujemy za p\u0142atno\u015b\u0107","og_description":"Dzi\u0119kujemy za zaufanie Po zatwierdzeniu p\u0142atno\u015bci polisa zostanie wys\u0142ana na maila Zazwyczaj trwa to kilkana\u015bcie minut","og_url":"https:\/\/asekuro.pl\/uk\/dziekujemy-za-platnosc\/","og_site_name":"Asekuro","article_publisher":"https:\/\/www.facebook.com\/asekuro","article_modified_time":"2025-06-06T20:15:31+00:00","og_image":[{"width":884,"height":884,"url":"https:\/\/asekuro.pl\/wp-content\/uploads\/2022\/04\/asekuro-favicon.png","type":"image\/png"}],"twitter_card":"summary_large_image","twitter_misc":{"\u041f\u0440\u0438\u0431\u043b. \u0447\u0430\u0441 \u0447\u0438\u0442\u0430\u043d\u043d\u044f":"1 \u0445\u0432\u0438\u043b\u0438\u043d\u0430"},"schema":{"@context":"https:\/\/schema.org","@graph":[{"@type":"WebPage","@id":"https:\/\/asekuro.pl\/dziekujemy-za-platnosc\/","url":"https:\/\/asekuro.pl\/dziekujemy-za-platnosc\/","name":"Dzi\u0119kujemy za p\u0142atno\u015b\u0107 - Asekuro","isPartOf":{"@id":"https:\/\/asekuro.pl\/#website"},"datePublished":"2021-07-18T23:35:30+00:00","dateModified":"2025-06-06T20:15:31+00:00","breadcrumb":{"@id":"https:\/\/asekuro.pl\/dziekujemy-za-platnosc\/#breadcrumb"},"inLanguage":"uk","potentialAction":[{"@type":"ReadAction","target":["https:\/\/asekuro.pl\/dziekujemy-za-platnosc\/"]}]},{"@type":"BreadcrumbList","@id":"https:\/\/asekuro.pl\/dziekujemy-za-platnosc\/#breadcrumb","itemListElement":[{"@type":"ListItem","position":1,"name":"Start","item":"https:\/\/asekuro.pl\/"},{"@type":"ListItem","position":2,"name":"Dzi\u0119kujemy za p\u0142atno\u015b\u0107"}]},{"@type":"WebSite","@id":"https:\/\/asekuro.pl\/#website","url":"https:\/\/asekuro.pl\/","name":"Asekuro.pl ubezpieczenia - komunikacja, turystyka, maj\u0105tek, NNW, firma","description":"Aplikacja do ta\u0144szych ubezpiecze\u0144","publisher":{"@id":"https:\/\/asekuro.pl\/#organization"},"alternateName":"Asekuro.pl - ubezpieczenia OC\/AC, podr\u00f3\u017cne, maj\u0105tkowe, NNW, firmowe","potentialAction":[{"@type":"SearchAction","target":{"@type":"EntryPoint","urlTemplate":"https:\/\/asekuro.pl\/?s={search_term_string}"},"query-input":{"@type":"PropertyValueSpecification","valueRequired":true,"valueName":"search_term_string"}}],"inLanguage":"uk"},{"@type":"Organization","@id":"https:\/\/asekuro.pl\/#organization","name":"Asekuro.pl ubezpieczenia - komunikacja, turystyka, maj\u0105tek, NNW, firma","alternateName":"Asekuro.pl - Aplikacja do ta\u0144szych ubezpiecze\u0144","url":"https:\/\/asekuro.pl\/","logo":{"@type":"ImageObject","inLanguage":"uk","@id":"https:\/\/asekuro.pl\/#\/schema\/logo\/image\/","url":"http:\/\/asekuro.pl\/wp-content\/uploads\/2022\/04\/asekuro-favicon.png","contentUrl":"http:\/\/asekuro.pl\/wp-content\/uploads\/2022\/04\/asekuro-favicon.png","width":884,"height":884,"caption":"Asekuro.pl ubezpieczenia - komunikacja, turystyka, maj\u0105tek, NNW, firma"},"image":{"@id":"https:\/\/asekuro.pl\/#\/schema\/logo\/image\/"},"sameAs":["https:\/\/www.facebook.com\/asekuro","https:\/\/www.instagram.com\/asekuro.pl\/"]}]}},"_links":{"self":[{"href":"https:\/\/asekuro.pl\/uk\/wp-json\/wp\/v2\/pages\/3105","targetHints":{"allow":["GET"]}}],"collection":[{"href":"https:\/\/asekuro.pl\/uk\/wp-json\/wp\/v2\/pages"}],"about":[{"href":"https:\/\/asekuro.pl\/uk\/wp-json\/wp\/v2\/types\/page"}],"author":[{"embeddable":true,"href":"https:\/\/asekuro.pl\/uk\/wp-json\/wp\/v2\/users\/4"}],"replies":[{"embeddable":true,"href":"https:\/\/asekuro.pl\/uk\/wp-json\/wp\/v2\/comments?post=3105"}],"version-history":[{"count":53,"href":"https:\/\/asekuro.pl\/uk\/wp-json\/wp\/v2\/pages\/3105\/revisions"}],"predecessor-version":[{"id":8412,"href":"https:\/\/asekuro.pl\/uk\/wp-json\/wp\/v2\/pages\/3105\/revisions\/8412"}],"wp:attachment":[{"href":"https:\/\/asekuro.pl\/uk\/wp-json\/wp\/v2\/media?parent=3105"}],"curies":[{"name":"wp","href":"https:\/\/api.w.org\/{rel}","templated":true}]}}