{"id":4263,"date":"2022-06-09T16:21:43","date_gmt":"2022-06-09T14:21:43","guid":{"rendered":"https:\/\/asekuro.pl\/?page_id=4263"},"modified":"2025-08-09T22:40:26","modified_gmt":"2025-08-09T20:40:26","slug":"kalkulator-ubezpieczen-turystycznych","status":"publish","type":"page","link":"https:\/\/asekuro.pl\/uk\/kalkulator-ubezpieczen-turystycznych\/","title":{"rendered":"Por\u00f3wnywarka Ubezpiecze\u0144 Turystycznych"},"content":{"rendered":"<div data-elementor-type=\"wp-page\" data-elementor-id=\"4263\" class=\"elementor elementor-4263\" data-elementor-post-type=\"page\">\n\t\t\t\t\t\t<section class=\"elementor-section elementor-top-section elementor-element elementor-element-05f0bee elementor-section-height-min-height elementor-section-items-stretch elementor-section-boxed elementor-section-height-default\" data-id=\"05f0bee\" data-element_type=\"section\" data-e-type=\"section\" data-settings=\"{&quot;background_background&quot;:&quot;classic&quot;}\">\n\t\t\t\t\t\t\t<div class=\"elementor-background-overlay\"><\/div>\n\t\t\t\t\t\t\t<div class=\"elementor-container elementor-column-gap-default\">\n\t\t\t\t\t<div class=\"elementor-column elementor-col-100 elementor-top-column elementor-element elementor-element-e119a5c\" data-id=\"e119a5c\" data-element_type=\"column\" data-e-type=\"column\" data-settings=\"{&quot;background_background&quot;:&quot;classic&quot;}\">\n\t\t\t<div class=\"elementor-widget-wrap elementor-element-populated\">\n\t\t\t\t\t\t<div class=\"elementor-element elementor-element-c538864 elementor-widget elementor-widget-heading\" data-id=\"c538864\" data-element_type=\"widget\" data-e-type=\"widget\" data-widget_type=\"heading.default\">\n\t\t\t\t\t<h1 class=\"elementor-heading-title elementor-size-default\">Por\u00f3wnywarka Ubezpiecze\u0144 Turystycznych<\/h1>\t\t\t\t<\/div>\n\t\t\t\t<div class=\"elementor-element elementor-element-80cf834 elementor-widget elementor-widget-heading\" data-id=\"80cf834\" data-element_type=\"widget\" data-e-type=\"widget\" data-widget_type=\"heading.default\">\n\t\t\t\t\t<div class=\"elementor-heading-title elementor-size-default\">Podr\u00f3\u017cuj bezpiecznie \u2013 por\u00f3wnaj i wybierz najlepsze ubezpieczenie!<\/div>\t\t\t\t<\/div>\n\t\t\t\t\t<\/div>\n\t\t<\/div>\n\t\t\t\t\t<\/div>\n\t\t<\/section>\n\t\t\t\t<section class=\"elementor-section elementor-top-section elementor-element elementor-element-e3de46d elementor-section-boxed elementor-section-height-default elementor-section-height-default\" data-id=\"e3de46d\" data-element_type=\"section\" data-e-type=\"section\" data-settings=\"{&quot;background_background&quot;:&quot;classic&quot;}\">\n\t\t\t\t\t\t<div class=\"elementor-container elementor-column-gap-default\">\n\t\t\t\t\t<div class=\"elementor-column elementor-col-100 elementor-top-column elementor-element elementor-element-84b5306\" data-id=\"84b5306\" data-element_type=\"column\" data-e-type=\"column\" id=\"content\">\n\t\t\t<div class=\"elementor-widget-wrap elementor-element-populated\">\n\t\t\t\t\t\t<div class=\"elementor-element elementor-element-be85f7b elementor-widget elementor-widget-shortcode\" data-id=\"be85f7b\" data-element_type=\"widget\" data-e-type=\"widget\" data-widget_type=\"shortcode.default\">\n\t\t\t\t\t\t\t<div class=\"elementor-shortcode\"><div id=\"vue-frontend-app\"><\/div><\/div>\n\t\t\t\t\t\t<\/div>\n\t\t\t\t\t<\/div>\n\t\t<\/div>\n\t\t\t\t\t<\/div>\n\t\t<\/section>\n\t\t\t\t<\/div>","protected":false},"excerpt":{"rendered":"<p>Podr\u00f3\u017cuj bezpiecznie \u2013 por\u00f3wnaj i wybierz najlepsze ubezpieczenie!<br \/>\nPlanujesz wakacje? Zadbaj o swoje bezpiecze\u0144stwo jeszcze przed wyjazdem. Nasza por\u00f3wnywarka ubezpiecze\u0144 turystycznych pozwala szybko sprawdzi\u0107 oferty r\u00f3\u017cnych towarzystw i dopasowa\u0107 polis\u0119 do Twoich potrzeb \u2013 czy to na weekendowy city break, egzotyczn\u0105 wypraw\u0119 czy rodzinne wakacje nad morzem. Sprawd\u017a, co obejmuje ochrona i ile naprawd\u0119 kosztuje spok\u00f3j w podr\u00f3\u017cy.<\/p>","protected":false},"author":4,"featured_media":0,"parent":0,"menu_order":0,"comment_status":"closed","ping_status":"closed","template":"elementor_header_footer","meta":{"footnotes":""},"class_list":["post-4263","page","type-page","status-publish","hentry"],"yoast_head":"<!-- This site is optimized with the Yoast SEO Premium plugin v26.9 (Yoast SEO v26.9) - https:\/\/yoast.com\/product\/yoast-seo-premium-wordpress\/ -->\n<title>Por\u00f3wnywarka ubezpiecze\u0144 turystycznych - Znajd\u017a najta\u0144sze | Asekuro<\/title>\n<meta name=\"description\" content=\"Por\u00f3wnaj oferty i znajd\u017a najta\u0144sze polisy, aby zapewni\u0107 sobie spokojne podr\u00f3\u017ce. Skorzystaj z Asekuro i zabezpiecz si\u0119 przed nieprzewidzianymi sytuacjami podczas wakacji.\" \/>\n<meta name=\"robots\" content=\"index, follow, max-snippet:-1, max-image-preview:large, max-video-preview:-1\" \/>\n<link rel=\"canonical\" href=\"https:\/\/asekuro.pl\/uk\/kalkulator-ubezpieczen-turystycznych\/\" \/>\n<meta property=\"og:locale\" content=\"uk_UA\" \/>\n<meta property=\"og:type\" content=\"article\" \/>\n<meta property=\"og:title\" content=\"Por\u00f3wnywarka Ubezpiecze\u0144 Turystycznych\" \/>\n<meta property=\"og:description\" content=\"Por\u00f3wnaj oferty i znajd\u017a najta\u0144sze polisy, aby zapewni\u0107 sobie spokojne podr\u00f3\u017ce. Skorzystaj z Asekuro i zabezpiecz si\u0119 przed nieprzewidzianymi sytuacjami podczas wakacji.\" \/>\n<meta property=\"og:url\" content=\"https:\/\/asekuro.pl\/uk\/kalkulator-ubezpieczen-turystycznych\/\" \/>\n<meta property=\"og:site_name\" content=\"Asekuro\" \/>\n<meta property=\"article:publisher\" content=\"https:\/\/www.facebook.com\/asekuro\" \/>\n<meta property=\"article:modified_time\" content=\"2025-08-09T20:40:26+00:00\" \/>\n<meta property=\"og:image\" content=\"https:\/\/asekuro.pl\/wp-content\/uploads\/2022\/04\/asekuro-favicon.png\" \/>\n\t<meta property=\"og:image:width\" content=\"884\" \/>\n\t<meta property=\"og:image:height\" content=\"884\" \/>\n\t<meta property=\"og:image:type\" content=\"image\/png\" \/>\n<meta name=\"twitter:card\" content=\"summary_large_image\" \/>\n<meta name=\"twitter:label1\" content=\"\u041f\u0440\u0438\u0431\u043b. \u0447\u0430\u0441 \u0447\u0438\u0442\u0430\u043d\u043d\u044f\" \/>\n\t<meta name=\"twitter:data1\" content=\"1 \u0445\u0432\u0438\u043b\u0438\u043d\u0430\" \/>\n<script type=\"application\/ld+json\" class=\"yoast-schema-graph\">{\"@context\":\"https:\/\/schema.org\",\"@graph\":[{\"@type\":\"WebPage\",\"@id\":\"https:\/\/asekuro.pl\/kalkulator-ubezpieczen-turystycznych\/\",\"url\":\"https:\/\/asekuro.pl\/kalkulator-ubezpieczen-turystycznych\/\",\"name\":\"Por\u00f3wnywarka ubezpiecze\u0144 turystycznych - Znajd\u017a najta\u0144sze | Asekuro\",\"isPartOf\":{\"@id\":\"https:\/\/asekuro.pl\/#website\"},\"datePublished\":\"2022-06-09T14:21:43+00:00\",\"dateModified\":\"2025-08-09T20:40:26+00:00\",\"description\":\"Por\u00f3wnaj oferty i znajd\u017a najta\u0144sze polisy, aby zapewni\u0107 sobie spokojne podr\u00f3\u017ce. Skorzystaj z Asekuro i zabezpiecz si\u0119 przed nieprzewidzianymi sytuacjami podczas wakacji.\",\"breadcrumb\":{\"@id\":\"https:\/\/asekuro.pl\/kalkulator-ubezpieczen-turystycznych\/#breadcrumb\"},\"inLanguage\":\"uk\",\"potentialAction\":[{\"@type\":\"ReadAction\",\"target\":[\"https:\/\/asekuro.pl\/kalkulator-ubezpieczen-turystycznych\/\"]}]},{\"@type\":\"BreadcrumbList\",\"@id\":\"https:\/\/asekuro.pl\/kalkulator-ubezpieczen-turystycznych\/#breadcrumb\",\"itemListElement\":[{\"@type\":\"ListItem\",\"position\":1,\"name\":\"Start\",\"item\":\"https:\/\/asekuro.pl\/\"},{\"@type\":\"ListItem\",\"position\":2,\"name\":\"Por\u00f3wnywarka Ubezpiecze\u0144 Turystycznych\"}]},{\"@type\":\"WebSite\",\"@id\":\"https:\/\/asekuro.pl\/#website\",\"url\":\"https:\/\/asekuro.pl\/\",\"name\":\"Asekuro.pl ubezpieczenia - komunikacja, turystyka, maj\u0105tek, NNW, firma\",\"description\":\"Aplikacja do ta\u0144szych ubezpiecze\u0144\",\"publisher\":{\"@id\":\"https:\/\/asekuro.pl\/#organization\"},\"alternateName\":\"Asekuro.pl - ubezpieczenia OC\/AC, podr\u00f3\u017cne, maj\u0105tkowe, NNW, firmowe\",\"potentialAction\":[{\"@type\":\"SearchAction\",\"target\":{\"@type\":\"EntryPoint\",\"urlTemplate\":\"https:\/\/asekuro.pl\/?s={search_term_string}\"},\"query-input\":{\"@type\":\"PropertyValueSpecification\",\"valueRequired\":true,\"valueName\":\"search_term_string\"}}],\"inLanguage\":\"uk\"},{\"@type\":\"Organization\",\"@id\":\"https:\/\/asekuro.pl\/#organization\",\"name\":\"Asekuro.pl ubezpieczenia - komunikacja, turystyka, maj\u0105tek, NNW, firma\",\"alternateName\":\"Asekuro.pl - Aplikacja do ta\u0144szych ubezpiecze\u0144\",\"url\":\"https:\/\/asekuro.pl\/\",\"logo\":{\"@type\":\"ImageObject\",\"inLanguage\":\"uk\",\"@id\":\"https:\/\/asekuro.pl\/#\/schema\/logo\/image\/\",\"url\":\"http:\/\/asekuro.pl\/wp-content\/uploads\/2022\/04\/asekuro-favicon.png\",\"contentUrl\":\"http:\/\/asekuro.pl\/wp-content\/uploads\/2022\/04\/asekuro-favicon.png\",\"width\":884,\"height\":884,\"caption\":\"Asekuro.pl ubezpieczenia - komunikacja, turystyka, maj\u0105tek, NNW, firma\"},\"image\":{\"@id\":\"https:\/\/asekuro.pl\/#\/schema\/logo\/image\/\"},\"sameAs\":[\"https:\/\/www.facebook.com\/asekuro\",\"https:\/\/www.instagram.com\/asekuro.pl\/\"]}]}<\/script>\n<!-- \/ Yoast SEO Premium plugin. -->","yoast_head_json":{"title":"Por\u00f3wnywarka ubezpiecze\u0144 turystycznych - Znajd\u017a najta\u0144sze | Asekuro","description":"Por\u00f3wnaj oferty i znajd\u017a najta\u0144sze polisy, aby zapewni\u0107 sobie spokojne podr\u00f3\u017ce. Skorzystaj z Asekuro i zabezpiecz si\u0119 przed nieprzewidzianymi sytuacjami podczas wakacji.","robots":{"index":"index","follow":"follow","max-snippet":"max-snippet:-1","max-image-preview":"max-image-preview:large","max-video-preview":"max-video-preview:-1"},"canonical":"https:\/\/asekuro.pl\/uk\/kalkulator-ubezpieczen-turystycznych\/","og_locale":"uk_UA","og_type":"article","og_title":"Por\u00f3wnywarka Ubezpiecze\u0144 Turystycznych","og_description":"Por\u00f3wnaj oferty i znajd\u017a najta\u0144sze polisy, aby zapewni\u0107 sobie spokojne podr\u00f3\u017ce. Skorzystaj z Asekuro i zabezpiecz si\u0119 przed nieprzewidzianymi sytuacjami podczas wakacji.","og_url":"https:\/\/asekuro.pl\/uk\/kalkulator-ubezpieczen-turystycznych\/","og_site_name":"Asekuro","article_publisher":"https:\/\/www.facebook.com\/asekuro","article_modified_time":"2025-08-09T20:40:26+00:00","og_image":[{"width":884,"height":884,"url":"https:\/\/asekuro.pl\/wp-content\/uploads\/2022\/04\/asekuro-favicon.png","type":"image\/png"}],"twitter_card":"summary_large_image","twitter_misc":{"\u041f\u0440\u0438\u0431\u043b. \u0447\u0430\u0441 \u0447\u0438\u0442\u0430\u043d\u043d\u044f":"1 \u0445\u0432\u0438\u043b\u0438\u043d\u0430"},"schema":{"@context":"https:\/\/schema.org","@graph":[{"@type":"WebPage","@id":"https:\/\/asekuro.pl\/kalkulator-ubezpieczen-turystycznych\/","url":"https:\/\/asekuro.pl\/kalkulator-ubezpieczen-turystycznych\/","name":"Por\u00f3wnywarka ubezpiecze\u0144 turystycznych - Znajd\u017a najta\u0144sze | Asekuro","isPartOf":{"@id":"https:\/\/asekuro.pl\/#website"},"datePublished":"2022-06-09T14:21:43+00:00","dateModified":"2025-08-09T20:40:26+00:00","description":"Por\u00f3wnaj oferty i znajd\u017a najta\u0144sze polisy, aby zapewni\u0107 sobie spokojne podr\u00f3\u017ce. Skorzystaj z Asekuro i zabezpiecz si\u0119 przed nieprzewidzianymi sytuacjami podczas wakacji.","breadcrumb":{"@id":"https:\/\/asekuro.pl\/kalkulator-ubezpieczen-turystycznych\/#breadcrumb"},"inLanguage":"uk","potentialAction":[{"@type":"ReadAction","target":["https:\/\/asekuro.pl\/kalkulator-ubezpieczen-turystycznych\/"]}]},{"@type":"BreadcrumbList","@id":"https:\/\/asekuro.pl\/kalkulator-ubezpieczen-turystycznych\/#breadcrumb","itemListElement":[{"@type":"ListItem","position":1,"name":"Start","item":"https:\/\/asekuro.pl\/"},{"@type":"ListItem","position":2,"name":"Por\u00f3wnywarka Ubezpiecze\u0144 Turystycznych"}]},{"@type":"WebSite","@id":"https:\/\/asekuro.pl\/#website","url":"https:\/\/asekuro.pl\/","name":"Asekuro.pl ubezpieczenia - komunikacja, turystyka, maj\u0105tek, NNW, firma","description":"Aplikacja do ta\u0144szych ubezpiecze\u0144","publisher":{"@id":"https:\/\/asekuro.pl\/#organization"},"alternateName":"Asekuro.pl - ubezpieczenia OC\/AC, podr\u00f3\u017cne, maj\u0105tkowe, NNW, firmowe","potentialAction":[{"@type":"SearchAction","target":{"@type":"EntryPoint","urlTemplate":"https:\/\/asekuro.pl\/?s={search_term_string}"},"query-input":{"@type":"PropertyValueSpecification","valueRequired":true,"valueName":"search_term_string"}}],"inLanguage":"uk"},{"@type":"Organization","@id":"https:\/\/asekuro.pl\/#organization","name":"Asekuro.pl ubezpieczenia - komunikacja, turystyka, maj\u0105tek, NNW, firma","alternateName":"Asekuro.pl - Aplikacja do ta\u0144szych ubezpiecze\u0144","url":"https:\/\/asekuro.pl\/","logo":{"@type":"ImageObject","inLanguage":"uk","@id":"https:\/\/asekuro.pl\/#\/schema\/logo\/image\/","url":"http:\/\/asekuro.pl\/wp-content\/uploads\/2022\/04\/asekuro-favicon.png","contentUrl":"http:\/\/asekuro.pl\/wp-content\/uploads\/2022\/04\/asekuro-favicon.png","width":884,"height":884,"caption":"Asekuro.pl ubezpieczenia - komunikacja, turystyka, maj\u0105tek, NNW, firma"},"image":{"@id":"https:\/\/asekuro.pl\/#\/schema\/logo\/image\/"},"sameAs":["https:\/\/www.facebook.com\/asekuro","https:\/\/www.instagram.com\/asekuro.pl\/"]}]}},"_links":{"self":[{"href":"https:\/\/asekuro.pl\/uk\/wp-json\/wp\/v2\/pages\/4263","targetHints":{"allow":["GET"]}}],"collection":[{"href":"https:\/\/asekuro.pl\/uk\/wp-json\/wp\/v2\/pages"}],"about":[{"href":"https:\/\/asekuro.pl\/uk\/wp-json\/wp\/v2\/types\/page"}],"author":[{"embeddable":true,"href":"https:\/\/asekuro.pl\/uk\/wp-json\/wp\/v2\/users\/4"}],"replies":[{"embeddable":true,"href":"https:\/\/asekuro.pl\/uk\/wp-json\/wp\/v2\/comments?post=4263"}],"version-history":[{"count":173,"href":"https:\/\/asekuro.pl\/uk\/wp-json\/wp\/v2\/pages\/4263\/revisions"}],"predecessor-version":[{"id":12340,"href":"https:\/\/asekuro.pl\/uk\/wp-json\/wp\/v2\/pages\/4263\/revisions\/12340"}],"wp:attachment":[{"href":"https:\/\/asekuro.pl\/uk\/wp-json\/wp\/v2\/media?parent=4263"}],"curies":[{"name":"wp","href":"https:\/\/api.w.org\/{rel}","templated":true}]}}