{"id":628,"date":"2020-12-23T20:34:42","date_gmt":"2020-12-23T20:34:42","guid":{"rendered":"https:\/\/asekuro.pl\/?page_id=628"},"modified":"2025-07-23T11:47:59","modified_gmt":"2025-07-23T09:47:59","slug":"kontakt","status":"publish","type":"page","link":"https:\/\/asekuro.pl\/uk\/kontakt\/","title":{"rendered":"\u0417\u0432'\u044f\u0436\u0456\u0442\u044c\u0441\u044f \u0437 \u043d\u0430\u043c\u0438"},"content":{"rendered":"<div data-elementor-type=\"wp-page\" data-elementor-id=\"628\" class=\"elementor elementor-628\" data-elementor-post-type=\"page\">\n\t\t\t\t\t\t<section class=\"elementor-section elementor-top-section elementor-element elementor-element-a599efd elementor-section-height-min-height elementor-section-items-stretch elementor-section-boxed elementor-section-height-default\" data-id=\"a599efd\" data-element_type=\"section\" data-e-type=\"section\" data-settings=\"{&quot;background_background&quot;:&quot;classic&quot;}\">\n\t\t\t\t\t\t\t<div class=\"elementor-background-overlay\"><\/div>\n\t\t\t\t\t\t\t<div class=\"elementor-container elementor-column-gap-default\">\n\t\t\t\t\t<div class=\"elementor-column elementor-col-100 elementor-top-column elementor-element elementor-element-16dcf92\" data-id=\"16dcf92\" data-element_type=\"column\" data-e-type=\"column\">\n\t\t\t<div class=\"elementor-widget-wrap elementor-element-populated\">\n\t\t\t\t\t\t<div class=\"elementor-element elementor-element-cf4f5f4 elementor-widget elementor-widget-heading\" data-id=\"cf4f5f4\" data-element_type=\"widget\" data-e-type=\"widget\" data-widget_type=\"heading.default\">\n\t\t\t\t\t<h1 class=\"elementor-heading-title elementor-size-default\">\u0417\u0432'\u044f\u0436\u0456\u0442\u044c\u0441\u044f \u0437 \u043d\u0430\u043c\u0438<\/h1>\t\t\t\t<\/div>\n\t\t\t\t<div class=\"elementor-element elementor-element-5010bff elementor-widget elementor-widget-heading\" data-id=\"5010bff\" data-element_type=\"widget\" data-e-type=\"widget\" data-widget_type=\"heading.default\">\n\t\t\t\t\t<div class=\"elementor-heading-title elementor-size-default\">Skorzystaj z aplikacji online do zakupu ubezpiecze\u0144\n<\/div>\t\t\t\t<\/div>\n\t\t\t\t<div class=\"elementor-element elementor-element-c0745bb elementor-widget elementor-widget-heading\" data-id=\"c0745bb\" data-element_type=\"widget\" data-e-type=\"widget\" data-widget_type=\"heading.default\">\n\t\t\t\t\t<div class=\"elementor-heading-title elementor-size-default\">Por\u00f3wnuj oferty i kup polis\u0119 wygodnie przez przegl\u0105dark\u0119 \u2013 bez instalowania czegokolwiek!<\/div>\t\t\t\t<\/div>\n\t\t\t\t<section class=\"elementor-section elementor-inner-section elementor-element elementor-element-5285598 elementor-section-boxed elementor-section-height-default elementor-section-height-default\" data-id=\"5285598\" data-element_type=\"section\" data-e-type=\"section\">\n\t\t\t\t\t\t<div class=\"elementor-container elementor-column-gap-default\">\n\t\t\t\t\t<div class=\"elementor-column elementor-col-50 elementor-inner-column elementor-element elementor-element-5c6aaa4\" data-id=\"5c6aaa4\" data-element_type=\"column\" data-e-type=\"column\">\n\t\t\t<div class=\"elementor-widget-wrap elementor-element-populated\">\n\t\t\t\t\t\t<div class=\"elementor-element elementor-element-92182d3 elementor-align-center elementor-widget elementor-widget-button\" data-id=\"92182d3\" data-element_type=\"widget\" data-e-type=\"widget\" data-widget_type=\"button.default\">\n\t\t\t\t\t\t\t\t\t\t<a class=\"elementor-button elementor-button-link elementor-size-md\" href=\"https:\/\/asekuro.pl\/uk\/ubezpieczenie-samochodu-kalkulator-oc-ac\/\">\n\t\t\t\t\t\t<span class=\"elementor-button-content-wrapper\">\n\t\t\t\t\t\t<span class=\"elementor-button-icon\">\n\t\t\t\t<svg aria-hidden=\"true\" class=\"e-font-icon-svg e-fas-car\" viewbox=\"0 0 512 512\" xmlns=\"http:\/\/www.w3.org\/2000\/svg\"><path d=\"M499.99 176h-59.87l-16.64-41.6C406.38 91.63 365.57 64 319.5 64h-127c-46.06 0-86.88 27.63-103.99 70.4L71.87 176H12.01C4.2 176-1.53 183.34.37 190.91l6 24C7.7 220.25 12.5 224 18.01 224h20.07C24.65 235.73 16 252.78 16 272v48c0 16.12 6.16 30.67 16 41.93V416c0 17.67 14.33 32 32 32h32c17.67 0 32-14.33 32-32v-32h256v32c0 17.67 14.33 32 32 32h32c17.67 0 32-14.33 32-32v-54.07c9.84-11.25 16-25.8 16-41.93v-48c0-19.22-8.65-36.27-22.07-48H494c5.51 0 10.31-3.75 11.64-9.09l6-24c1.89-7.57-3.84-14.91-11.65-14.91zm-352.06-17.83c7.29-18.22 24.94-30.17 44.57-30.17h127c19.63 0 37.28 11.95 44.57 30.17L384 208H128l19.93-49.83zM96 319.8c-19.2 0-32-12.76-32-31.9S76.8 256 96 256s48 28.71 48 47.85-28.8 15.95-48 15.95zm320 0c-19.2 0-48 3.19-48-15.95S396.8 256 416 256s32 12.76 32 31.9-12.8 31.9-32 31.9z\"><\/path><\/svg>\t\t\t<\/span>\n\t\t\t\t\t\t\t\t\t<span class=\"elementor-button-text\">\u041a\u0430\u043b\u044c\u043a\u0443\u043b\u044f\u0442\u043e\u0440 OC\/AC<\/span>\n\t\t\t\t\t<\/span>\n\t\t\t\t\t<\/a>\n\t\t\t\t\t\t\t\t<\/div>\n\t\t\t\t\t<\/div>\n\t\t<\/div>\n\t\t\t\t<div class=\"elementor-column elementor-col-50 elementor-inner-column elementor-element elementor-element-3afe43e\" data-id=\"3afe43e\" data-element_type=\"column\" data-e-type=\"column\">\n\t\t\t<div class=\"elementor-widget-wrap elementor-element-populated\">\n\t\t\t\t\t\t<div class=\"elementor-element elementor-element-62ec639 elementor-align-center elementor-tablet-align-center elementor-widget elementor-widget-button\" data-id=\"62ec639\" data-element_type=\"widget\" data-e-type=\"widget\" data-widget_type=\"button.default\">\n\t\t\t\t\t\t\t\t\t\t<a class=\"elementor-button elementor-button-link elementor-size-md\" href=\"https:\/\/asekuro.pl\/uk\/kalkulator-ubezpieczen-turystycznych\/\">\n\t\t\t\t\t\t<span class=\"elementor-button-content-wrapper\">\n\t\t\t\t\t\t<span class=\"elementor-button-icon\">\n\t\t\t\t<svg aria-hidden=\"true\" class=\"e-font-icon-svg e-fas-suitcase-rolling\" viewbox=\"0 0 384 512\" xmlns=\"http:\/\/www.w3.org\/2000\/svg\"><path d=\"M336 160H48c-26.51 0-48 21.49-48 48v224c0 26.51 21.49 48 48 48h16v16c0 8.84 7.16 16 16 16h32c8.84 0 16-7.16 16-16v-16h128v16c0 8.84 7.16 16 16 16h32c8.84 0 16-7.16 16-16v-16h16c26.51 0 48-21.49 48-48V208c0-26.51-21.49-48-48-48zm-16 216c0 4.42-3.58 8-8 8H72c-4.42 0-8-3.58-8-8v-16c0-4.42 3.58-8 8-8h240c4.42 0 8 3.58 8 8v16zm0-96c0 4.42-3.58 8-8 8H72c-4.42 0-8-3.58-8-8v-16c0-4.42 3.58-8 8-8h240c4.42 0 8 3.58 8 8v16zM144 48h96v80h48V48c0-26.51-21.49-48-48-48h-96c-26.51 0-48 21.49-48 48v80h48V48z\"><\/path><\/svg>\t\t\t<\/span>\n\t\t\t\t\t\t\t\t\t<span class=\"elementor-button-text\">\u0422\u0443\u0440\u0438\u0441\u0442\u0438\u0447\u043d\u0438\u0439 \u043a\u0430\u043b\u044c\u043a\u0443\u043b\u044f\u0442\u043e\u0440<\/span>\n\t\t\t\t\t<\/span>\n\t\t\t\t\t<\/a>\n\t\t\t\t\t\t\t\t<\/div>\n\t\t\t\t\t<\/div>\n\t\t<\/div>\n\t\t\t\t\t<\/div>\n\t\t<\/section>\n\t\t\t\t\t<\/div>\n\t\t<\/div>\n\t\t\t\t\t<\/div>\n\t\t<\/section>\n\t\t\t\t<section class=\"elementor-section elementor-top-section elementor-element elementor-element-7e36d78 elementor-section-boxed elementor-section-height-default elementor-section-height-default\" data-id=\"7e36d78\" data-element_type=\"section\" data-e-type=\"section\" data-settings=\"{&quot;background_background&quot;:&quot;classic&quot;}\">\n\t\t\t\t\t\t<div class=\"elementor-container elementor-column-gap-default\">\n\t\t\t\t\t<div class=\"elementor-column elementor-col-50 elementor-top-column elementor-element elementor-element-13b247a\" data-id=\"13b247a\" data-element_type=\"column\" data-e-type=\"column\">\n\t\t\t<div class=\"elementor-widget-wrap elementor-element-populated\">\n\t\t\t\t\t\t<div class=\"elementor-element elementor-element-e1083e6 elementor-widget elementor-widget-text-editor\" data-id=\"e1083e6\" data-element_type=\"widget\" data-e-type=\"widget\" data-widget_type=\"text-editor.default\">\n\t\t\t\t\t\t\t\t\t<p>Je\u015bli masz pytania lub potrzebujesz pomocy w wyborze odpowiedniego ubezpieczenia dla siebie lub swojej firmy, skontaktuj si\u0119 z nami. Nasz zesp\u00f3\u0142 specjalist\u00f3w jest gotowy do udzielenia Ci fachowej pomocy oraz odpowiedzi na wszystkie Twoje pytania.<\/p><p>Dzi\u0119kujemy za zainteresowanie nasz\u0105 ofert\u0105 i czekamy na Tw\u00f3j kontakt!<\/p>\t\t\t\t\t\t\t\t<\/div>\n\t\t\t\t<div class=\"elementor-element elementor-element-844c8f6 elementor-widget elementor-widget-shortcode\" data-id=\"844c8f6\" data-element_type=\"widget\" data-e-type=\"widget\" data-widget_type=\"shortcode.default\">\n\t\t\t\t\t\t\t<div class=\"elementor-shortcode\"><div class=\"asekuro-order-call-app\"><\/div><\/div>\n\t\t\t\t\t\t<\/div>\n\t\t\t\t\t<\/div>\n\t\t<\/div>\n\t\t\t\t<div class=\"elementor-column elementor-col-50 elementor-top-column elementor-element elementor-element-c0ce670\" data-id=\"c0ce670\" data-element_type=\"column\" data-e-type=\"column\">\n\t\t\t<div class=\"elementor-widget-wrap elementor-element-populated\">\n\t\t\t\t\t\t<div class=\"elementor-element elementor-element-e91e30b elementor-widget elementor-widget-image\" data-id=\"e91e30b\" data-element_type=\"widget\" data-e-type=\"widget\" data-widget_type=\"image.default\">\n\t\t\t\t\t\t\t\t\t\t\t\t\t\t\t<img decoding=\"async\" width=\"300\" height=\"104\" src=\"https:\/\/asekuro.pl\/wp-content\/uploads\/2022\/04\/cropped-asekuro-logo-slogan-300x104.png\" class=\"attachment-medium size-medium wp-image-3935\" alt=\"Logo Asekuro.pl\" srcset=\"https:\/\/asekuro.pl\/wp-content\/uploads\/2022\/04\/cropped-asekuro-logo-slogan-300x104.png 300w, https:\/\/asekuro.pl\/wp-content\/uploads\/2022\/04\/cropped-asekuro-logo-slogan-1024x353.png 1024w, https:\/\/asekuro.pl\/wp-content\/uploads\/2022\/04\/cropped-asekuro-logo-slogan-768x265.png 768w, https:\/\/asekuro.pl\/wp-content\/uploads\/2022\/04\/cropped-asekuro-logo-slogan-1536x530.png 1536w, https:\/\/asekuro.pl\/wp-content\/uploads\/2022\/04\/cropped-asekuro-logo-slogan-2048x707.png 2048w\" sizes=\"(max-width: 300px) 100vw, 300px\" \/>\t\t\t\t\t\t\t\t\t\t\t\t\t\t\t<\/div>\n\t\t\t\t<div class=\"elementor-element elementor-element-a05970a elementor-widget elementor-widget-text-editor\" data-id=\"a05970a\" data-element_type=\"widget\" data-e-type=\"widget\" data-widget_type=\"text-editor.default\">\n\t\t\t\t\t\t\t\t\t<p>Bielsko-Bia\u0142a<br \/>ul. Jana III Sobieskiego 105 biuro 310<br \/>telefon: <a href=\"tel:733 703 503\">733 703 503<\/a><br \/>email: <a href=\"mailto:biuro@asekuro.pl\">biuro@asekuro.pl<\/a><br \/>Poniedzia\u0142ek-Pi\u0105tek: 8:00 &#8211; 16:00<\/p>\t\t\t\t\t\t\t\t<\/div>\n\t\t\t\t<div class=\"elementor-element elementor-element-3cd2644 elementor-widget elementor-widget-text-editor\" data-id=\"3cd2644\" data-element_type=\"widget\" data-e-type=\"widget\" data-widget_type=\"text-editor.default\">\n\t\t\t\t\t\t\t\t\t<p>Bytom-Miechowice<br \/>\u0432\u0443\u043b. \u0424\u0435\u043b\u0456\u043d\u0441\u044c\u043a\u043e\u0433\u043e 42<br \/>telefon:\u00a0<a href=\"tel:664 416 042\">664 416 042<\/a> lub <a href=\"tel:664 416 107\">664 416 107<\/a><br \/>Poniedzia\u0142ek-Pi\u0105tek: 9:00 &#8211; 17:00<br \/>Sobota: 9:00 &#8211; 14:00<\/p>\t\t\t\t\t\t\t\t<\/div>\n\t\t\t\t\t<\/div>\n\t\t<\/div>\n\t\t\t\t\t<\/div>\n\t\t<\/section>\n\t\t\t\t<\/div>","protected":false},"excerpt":{"rendered":"<p>Je\u015bli masz pytania lub potrzebujesz pomocy w wyborze odpowiedniego ubezpieczenia dla siebie lub swojej firmy, skontaktuj si\u0119 z nami. Nasz zesp\u00f3\u0142 specjalist\u00f3w jest gotowy do udzielenia Ci fachowej pomocy oraz odpowiedzi na wszystkie Twoje pytania.<\/p>\n<p>Mo\u017cesz do nas zadzwoni\u0107, wys\u0142a\u0107 e-mail lub wype\u0142ni\u0107 formularz kontaktowy, kt\u00f3ry znajduje si\u0119 poni\u017cej. Je\u015bli wolisz, mo\u017cesz tak\u017ce odwiedzi\u0107 nas osobi\u015bcie w jednej z naszych lokalizacji.<\/p>\n<p>Dzi\u0119kujemy za zainteresowanie nasz\u0105 ofert\u0105 i czekamy na Tw\u00f3j kontakt!<\/p>","protected":false},"author":4,"featured_media":11626,"parent":0,"menu_order":0,"comment_status":"closed","ping_status":"closed","template":"elementor_header_footer","meta":{"footnotes":""},"class_list":["post-628","page","type-page","status-publish","has-post-thumbnail","hentry"],"yoast_head":"<!-- This site is optimized with the Yoast SEO Premium plugin v26.9 (Yoast SEO v26.9) - https:\/\/yoast.com\/product\/yoast-seo-premium-wordpress\/ -->\n<title>Kontakt - Asekuro<\/title>\n<meta name=\"description\" content=\"Zapraszamy do kontaktu - z przyjemno\u015bci\u0105 udzielimy odpowiedzi na Twoje pytania oraz pomo\u017cemy w wyborze odpowiedniego ubezpieczenia\" \/>\n<meta name=\"robots\" content=\"index, follow, max-snippet:-1, max-image-preview:large, max-video-preview:-1\" \/>\n<link rel=\"canonical\" href=\"https:\/\/asekuro.pl\/uk\/kontakt\/\" \/>\n<meta property=\"og:locale\" content=\"uk_UA\" \/>\n<meta property=\"og:type\" content=\"article\" \/>\n<meta property=\"og:title\" content=\"Kontakt\" \/>\n<meta property=\"og:description\" content=\"Zapraszamy do kontaktu - z przyjemno\u015bci\u0105 udzielimy odpowiedzi na Twoje pytania oraz pomo\u017cemy w wyborze odpowiedniego ubezpieczenia\" \/>\n<meta property=\"og:url\" content=\"https:\/\/asekuro.pl\/uk\/kontakt\/\" \/>\n<meta property=\"og:site_name\" content=\"Asekuro\" \/>\n<meta property=\"article:publisher\" content=\"https:\/\/www.facebook.com\/asekuro\" \/>\n<meta property=\"article:modified_time\" content=\"2025-07-23T09:47:59+00:00\" \/>\n<meta property=\"og:image\" content=\"https:\/\/asekuro.pl\/wp-content\/uploads\/2025\/06\/kobieta-z-telefonem.png\" \/>\n\t<meta property=\"og:image:width\" content=\"1536\" \/>\n\t<meta property=\"og:image:height\" content=\"1024\" \/>\n\t<meta property=\"og:image:type\" content=\"image\/png\" \/>\n<meta name=\"twitter:card\" content=\"summary_large_image\" \/>\n<meta name=\"twitter:label1\" content=\"\u041f\u0440\u0438\u0431\u043b. \u0447\u0430\u0441 \u0447\u0438\u0442\u0430\u043d\u043d\u044f\" \/>\n\t<meta name=\"twitter:data1\" content=\"1 \u0445\u0432\u0438\u043b\u0438\u043d\u0430\" \/>\n<script type=\"application\/ld+json\" class=\"yoast-schema-graph\">{\"@context\":\"https:\/\/schema.org\",\"@graph\":[{\"@type\":\"WebPage\",\"@id\":\"https:\/\/asekuro.pl\/kontakt\/\",\"url\":\"https:\/\/asekuro.pl\/kontakt\/\",\"name\":\"Kontakt - Asekuro\",\"isPartOf\":{\"@id\":\"https:\/\/asekuro.pl\/#website\"},\"primaryImageOfPage\":{\"@id\":\"https:\/\/asekuro.pl\/kontakt\/#primaryimage\"},\"image\":{\"@id\":\"https:\/\/asekuro.pl\/kontakt\/#primaryimage\"},\"thumbnailUrl\":\"https:\/\/asekuro.pl\/wp-content\/uploads\/2025\/06\/kobieta-z-telefonem.png\",\"datePublished\":\"2020-12-23T20:34:42+00:00\",\"dateModified\":\"2025-07-23T09:47:59+00:00\",\"description\":\"Zapraszamy do kontaktu - z przyjemno\u015bci\u0105 udzielimy odpowiedzi na Twoje pytania oraz pomo\u017cemy w wyborze odpowiedniego ubezpieczenia\",\"breadcrumb\":{\"@id\":\"https:\/\/asekuro.pl\/kontakt\/#breadcrumb\"},\"inLanguage\":\"uk\",\"potentialAction\":[{\"@type\":\"ReadAction\",\"target\":[\"https:\/\/asekuro.pl\/kontakt\/\"]}]},{\"@type\":\"ImageObject\",\"inLanguage\":\"uk\",\"@id\":\"https:\/\/asekuro.pl\/kontakt\/#primaryimage\",\"url\":\"https:\/\/asekuro.pl\/wp-content\/uploads\/2025\/06\/kobieta-z-telefonem.png\",\"contentUrl\":\"https:\/\/asekuro.pl\/wp-content\/uploads\/2025\/06\/kobieta-z-telefonem.png\",\"width\":1536,\"height\":1024},{\"@type\":\"BreadcrumbList\",\"@id\":\"https:\/\/asekuro.pl\/kontakt\/#breadcrumb\",\"itemListElement\":[{\"@type\":\"ListItem\",\"position\":1,\"name\":\"Start\",\"item\":\"https:\/\/asekuro.pl\/\"},{\"@type\":\"ListItem\",\"position\":2,\"name\":\"Kontakt\"}]},{\"@type\":\"WebSite\",\"@id\":\"https:\/\/asekuro.pl\/#website\",\"url\":\"https:\/\/asekuro.pl\/\",\"name\":\"Asekuro.pl ubezpieczenia - komunikacja, turystyka, maj\u0105tek, NNW, firma\",\"description\":\"Aplikacja do ta\u0144szych ubezpiecze\u0144\",\"publisher\":{\"@id\":\"https:\/\/asekuro.pl\/#organization\"},\"alternateName\":\"Asekuro.pl - ubezpieczenia OC\/AC, podr\u00f3\u017cne, maj\u0105tkowe, NNW, firmowe\",\"potentialAction\":[{\"@type\":\"SearchAction\",\"target\":{\"@type\":\"EntryPoint\",\"urlTemplate\":\"https:\/\/asekuro.pl\/?s={search_term_string}\"},\"query-input\":{\"@type\":\"PropertyValueSpecification\",\"valueRequired\":true,\"valueName\":\"search_term_string\"}}],\"inLanguage\":\"uk\"},{\"@type\":\"Organization\",\"@id\":\"https:\/\/asekuro.pl\/#organization\",\"name\":\"Asekuro.pl ubezpieczenia - komunikacja, turystyka, maj\u0105tek, NNW, firma\",\"alternateName\":\"Asekuro.pl - Aplikacja do ta\u0144szych ubezpiecze\u0144\",\"url\":\"https:\/\/asekuro.pl\/\",\"logo\":{\"@type\":\"ImageObject\",\"inLanguage\":\"uk\",\"@id\":\"https:\/\/asekuro.pl\/#\/schema\/logo\/image\/\",\"url\":\"http:\/\/asekuro.pl\/wp-content\/uploads\/2022\/04\/asekuro-favicon.png\",\"contentUrl\":\"http:\/\/asekuro.pl\/wp-content\/uploads\/2022\/04\/asekuro-favicon.png\",\"width\":884,\"height\":884,\"caption\":\"Asekuro.pl ubezpieczenia - komunikacja, turystyka, maj\u0105tek, NNW, firma\"},\"image\":{\"@id\":\"https:\/\/asekuro.pl\/#\/schema\/logo\/image\/\"},\"sameAs\":[\"https:\/\/www.facebook.com\/asekuro\",\"https:\/\/www.instagram.com\/asekuro.pl\/\"]}]}<\/script>\n<!-- \/ Yoast SEO Premium plugin. -->","yoast_head_json":{"title":"Kontakt - Asekuro","description":"Zapraszamy do kontaktu - z przyjemno\u015bci\u0105 udzielimy odpowiedzi na Twoje pytania oraz pomo\u017cemy w wyborze odpowiedniego ubezpieczenia","robots":{"index":"index","follow":"follow","max-snippet":"max-snippet:-1","max-image-preview":"max-image-preview:large","max-video-preview":"max-video-preview:-1"},"canonical":"https:\/\/asekuro.pl\/uk\/kontakt\/","og_locale":"uk_UA","og_type":"article","og_title":"Kontakt","og_description":"Zapraszamy do kontaktu - z przyjemno\u015bci\u0105 udzielimy odpowiedzi na Twoje pytania oraz pomo\u017cemy w wyborze odpowiedniego ubezpieczenia","og_url":"https:\/\/asekuro.pl\/uk\/kontakt\/","og_site_name":"Asekuro","article_publisher":"https:\/\/www.facebook.com\/asekuro","article_modified_time":"2025-07-23T09:47:59+00:00","og_image":[{"width":1536,"height":1024,"url":"https:\/\/asekuro.pl\/wp-content\/uploads\/2025\/06\/kobieta-z-telefonem.png","type":"image\/png"}],"twitter_card":"summary_large_image","twitter_misc":{"\u041f\u0440\u0438\u0431\u043b. \u0447\u0430\u0441 \u0447\u0438\u0442\u0430\u043d\u043d\u044f":"1 \u0445\u0432\u0438\u043b\u0438\u043d\u0430"},"schema":{"@context":"https:\/\/schema.org","@graph":[{"@type":"WebPage","@id":"https:\/\/asekuro.pl\/kontakt\/","url":"https:\/\/asekuro.pl\/kontakt\/","name":"Kontakt - Asekuro","isPartOf":{"@id":"https:\/\/asekuro.pl\/#website"},"primaryImageOfPage":{"@id":"https:\/\/asekuro.pl\/kontakt\/#primaryimage"},"image":{"@id":"https:\/\/asekuro.pl\/kontakt\/#primaryimage"},"thumbnailUrl":"https:\/\/asekuro.pl\/wp-content\/uploads\/2025\/06\/kobieta-z-telefonem.png","datePublished":"2020-12-23T20:34:42+00:00","dateModified":"2025-07-23T09:47:59+00:00","description":"Zapraszamy do kontaktu - z przyjemno\u015bci\u0105 udzielimy odpowiedzi na Twoje pytania oraz pomo\u017cemy w wyborze odpowiedniego ubezpieczenia","breadcrumb":{"@id":"https:\/\/asekuro.pl\/kontakt\/#breadcrumb"},"inLanguage":"uk","potentialAction":[{"@type":"ReadAction","target":["https:\/\/asekuro.pl\/kontakt\/"]}]},{"@type":"ImageObject","inLanguage":"uk","@id":"https:\/\/asekuro.pl\/kontakt\/#primaryimage","url":"https:\/\/asekuro.pl\/wp-content\/uploads\/2025\/06\/kobieta-z-telefonem.png","contentUrl":"https:\/\/asekuro.pl\/wp-content\/uploads\/2025\/06\/kobieta-z-telefonem.png","width":1536,"height":1024},{"@type":"BreadcrumbList","@id":"https:\/\/asekuro.pl\/kontakt\/#breadcrumb","itemListElement":[{"@type":"ListItem","position":1,"name":"Start","item":"https:\/\/asekuro.pl\/"},{"@type":"ListItem","position":2,"name":"Kontakt"}]},{"@type":"WebSite","@id":"https:\/\/asekuro.pl\/#website","url":"https:\/\/asekuro.pl\/","name":"Asekuro.pl ubezpieczenia - komunikacja, turystyka, maj\u0105tek, NNW, firma","description":"Aplikacja do ta\u0144szych ubezpiecze\u0144","publisher":{"@id":"https:\/\/asekuro.pl\/#organization"},"alternateName":"Asekuro.pl - ubezpieczenia OC\/AC, podr\u00f3\u017cne, maj\u0105tkowe, NNW, firmowe","potentialAction":[{"@type":"SearchAction","target":{"@type":"EntryPoint","urlTemplate":"https:\/\/asekuro.pl\/?s={search_term_string}"},"query-input":{"@type":"PropertyValueSpecification","valueRequired":true,"valueName":"search_term_string"}}],"inLanguage":"uk"},{"@type":"Organization","@id":"https:\/\/asekuro.pl\/#organization","name":"Asekuro.pl ubezpieczenia - komunikacja, turystyka, maj\u0105tek, NNW, firma","alternateName":"Asekuro.pl - Aplikacja do ta\u0144szych ubezpiecze\u0144","url":"https:\/\/asekuro.pl\/","logo":{"@type":"ImageObject","inLanguage":"uk","@id":"https:\/\/asekuro.pl\/#\/schema\/logo\/image\/","url":"http:\/\/asekuro.pl\/wp-content\/uploads\/2022\/04\/asekuro-favicon.png","contentUrl":"http:\/\/asekuro.pl\/wp-content\/uploads\/2022\/04\/asekuro-favicon.png","width":884,"height":884,"caption":"Asekuro.pl ubezpieczenia - komunikacja, turystyka, maj\u0105tek, NNW, firma"},"image":{"@id":"https:\/\/asekuro.pl\/#\/schema\/logo\/image\/"},"sameAs":["https:\/\/www.facebook.com\/asekuro","https:\/\/www.instagram.com\/asekuro.pl\/"]}]}},"_links":{"self":[{"href":"https:\/\/asekuro.pl\/uk\/wp-json\/wp\/v2\/pages\/628","targetHints":{"allow":["GET"]}}],"collection":[{"href":"https:\/\/asekuro.pl\/uk\/wp-json\/wp\/v2\/pages"}],"about":[{"href":"https:\/\/asekuro.pl\/uk\/wp-json\/wp\/v2\/types\/page"}],"author":[{"embeddable":true,"href":"https:\/\/asekuro.pl\/uk\/wp-json\/wp\/v2\/users\/4"}],"replies":[{"embeddable":true,"href":"https:\/\/asekuro.pl\/uk\/wp-json\/wp\/v2\/comments?post=628"}],"version-history":[{"count":199,"href":"https:\/\/asekuro.pl\/uk\/wp-json\/wp\/v2\/pages\/628\/revisions"}],"predecessor-version":[{"id":12073,"href":"https:\/\/asekuro.pl\/uk\/wp-json\/wp\/v2\/pages\/628\/revisions\/12073"}],"wp:featuredmedia":[{"embeddable":true,"href":"https:\/\/asekuro.pl\/uk\/wp-json\/wp\/v2\/media\/11626"}],"wp:attachment":[{"href":"https:\/\/asekuro.pl\/uk\/wp-json\/wp\/v2\/media?parent=628"}],"curies":[{"name":"wp","href":"https:\/\/api.w.org\/{rel}","templated":true}]}}