{"id":7700,"date":"2024-03-27T16:16:50","date_gmt":"2024-03-27T15:16:50","guid":{"rendered":"https:\/\/asekuro.pl\/?page_id=7700"},"modified":"2025-06-09T13:07:21","modified_gmt":"2025-06-09T11:07:21","slug":"ubezpieczenie-bagazu","status":"publish","type":"page","link":"https:\/\/asekuro.pl\/uk\/ubezpieczenie-bagazu\/","title":{"rendered":"Ubezpieczenie baga\u017cu"},"content":{"rendered":"<div data-elementor-type=\"wp-page\" data-elementor-id=\"7700\" class=\"elementor elementor-7700\" data-elementor-post-type=\"page\">\n\t\t\t\t\t\t<section class=\"elementor-section elementor-top-section elementor-element elementor-element-809880d elementor-hidden-tablet elementor-hidden-phone elementor-section-boxed elementor-section-height-default elementor-section-height-default\" data-id=\"809880d\" data-element_type=\"section\" data-e-type=\"section\" data-settings=\"{&quot;background_background&quot;:&quot;classic&quot;}\">\n\t\t\t\t\t\t<div class=\"elementor-container elementor-column-gap-default\">\n\t\t\t\t\t<div class=\"elementor-column elementor-col-100 elementor-top-column elementor-element elementor-element-1838207\" data-id=\"1838207\" data-element_type=\"column\" data-e-type=\"column\">\n\t\t\t<div class=\"elementor-widget-wrap elementor-element-populated\">\n\t\t\t\t\t\t<div class=\"elementor-element elementor-element-d1ba969 elementor-icon-list--layout-inline elementor-align-center elementor-list-item-link-full_width elementor-widget elementor-widget-icon-list\" data-id=\"d1ba969\" data-element_type=\"widget\" data-e-type=\"widget\" data-widget_type=\"icon-list.default\">\n\t\t\t\t\t\t\t<ul class=\"elementor-icon-list-items elementor-inline-items\">\n\t\t\t\t\t\t\t<li class=\"elementor-icon-list-item elementor-inline-item\">\n\t\t\t\t\t\t\t\t\t\t\t<a href=\"https:\/\/asekuro.pl\/uk\/ubezpieczenie-komunikacyjne\/\">\n\n\t\t\t\t\t\t\t\t\t\t\t<span class=\"elementor-icon-list-text\">\u0410\u0432\u0442\u043e\u0441\u0442\u0440\u0430\u0445\u0443\u0432\u0430\u043d\u043d\u044f<\/span>\n\t\t\t\t\t\t\t\t\t\t\t<\/a>\n\t\t\t\t\t\t\t\t\t<\/li>\n\t\t\t\t\t\t\t\t<li class=\"elementor-icon-list-item elementor-inline-item\">\n\t\t\t\t\t\t\t\t\t\t\t<a href=\"https:\/\/asekuro.pl\/uk\/ubezpieczenie-turystyczne\/\">\n\n\t\t\t\t\t\t\t\t\t\t\t<span class=\"elementor-icon-list-text\">\u041f\u043e\u0434\u043e\u0440\u043e\u0436\u0456<\/span>\n\t\t\t\t\t\t\t\t\t\t\t<\/a>\n\t\t\t\t\t\t\t\t\t<\/li>\n\t\t\t\t\t\t\t\t<li class=\"elementor-icon-list-item elementor-inline-item\">\n\t\t\t\t\t\t\t\t\t\t\t<a href=\"https:\/\/asekuro.pl\/uk\/ubezpieczenie-telefonu\/\">\n\n\t\t\t\t\t\t\t\t\t\t\t<span class=\"elementor-icon-list-text\">Smartfony<\/span>\n\t\t\t\t\t\t\t\t\t\t\t<\/a>\n\t\t\t\t\t\t\t\t\t<\/li>\n\t\t\t\t\t\t\t\t<li class=\"elementor-icon-list-item elementor-inline-item\">\n\t\t\t\t\t\t\t\t\t\t\t<a href=\"https:\/\/asekuro.pl\/uk\/ubezpieczenie-roweru\/\">\n\n\t\t\t\t\t\t\t\t\t\t\t<span class=\"elementor-icon-list-text\">Rowery<\/span>\n\t\t\t\t\t\t\t\t\t\t\t<\/a>\n\t\t\t\t\t\t\t\t\t<\/li>\n\t\t\t\t\t\t\t\t<li class=\"elementor-icon-list-item elementor-inline-item\">\n\t\t\t\t\t\t\t\t\t\t\t<a href=\"https:\/\/asekuro.pl\/uk\/ubezpieczenie-nnw\/\">\n\n\t\t\t\t\t\t\t\t\t\t\t<span class=\"elementor-icon-list-text\">\u041d\u0435\u0449\u0430\u0441\u043d\u0438\u0439 \u0432\u0438\u043f\u0430\u0434\u043e\u043a<\/span>\n\t\t\t\t\t\t\t\t\t\t\t<\/a>\n\t\t\t\t\t\t\t\t\t<\/li>\n\t\t\t\t\t\t\t\t<li class=\"elementor-icon-list-item elementor-inline-item\">\n\t\t\t\t\t\t\t\t\t\t\t<a href=\"https:\/\/asekuro.pl\/uk\/ubezpieczenie-majatkowe\/\">\n\n\t\t\t\t\t\t\t\t\t\t\t<span class=\"elementor-icon-list-text\">\u041c\u0430\u0439\u043d\u043e<\/span>\n\t\t\t\t\t\t\t\t\t\t\t<\/a>\n\t\t\t\t\t\t\t\t\t<\/li>\n\t\t\t\t\t\t\t\t<li class=\"elementor-icon-list-item elementor-inline-item\">\n\t\t\t\t\t\t\t\t\t\t\t<a href=\"https:\/\/asekuro.pl\/uk\/ubezpieczenie-firmowe\/\">\n\n\t\t\t\t\t\t\t\t\t\t\t<span class=\"elementor-icon-list-text\">\u041a\u043e\u043c\u043f\u0430\u043d\u0456\u044f<\/span>\n\t\t\t\t\t\t\t\t\t\t\t<\/a>\n\t\t\t\t\t\t\t\t\t<\/li>\n\t\t\t\t\t\t\t\t<li class=\"elementor-icon-list-item elementor-inline-item\">\n\t\t\t\t\t\t\t\t\t\t\t<a href=\"https:\/\/asekuro.pl\/uk\/ubezpieczenie-oc-biur-rachunkowych\/\">\n\n\t\t\t\t\t\t\t\t\t\t\t<span class=\"elementor-icon-list-text\">\u041e\u0421 \u0434\u043b\u044f \u0431\u0443\u0445\u0433\u0430\u043b\u0442\u0435\u0440\u0456\u0457<\/span>\n\t\t\t\t\t\t\t\t\t\t\t<\/a>\n\t\t\t\t\t\t\t\t\t<\/li>\n\t\t\t\t\t\t\t\t<li class=\"elementor-icon-list-item elementor-inline-item\">\n\t\t\t\t\t\t\t\t\t\t\t<a href=\"https:\/\/asekuro.pl\/uk\/ubezpieczenie-oc-doradcow-podatkowych\/\">\n\n\t\t\t\t\t\t\t\t\t\t\t<span class=\"elementor-icon-list-text\">\u041e\u0421 \u0434\u043b\u044f \u043f\u043e\u0434\u0430\u0442\u043a\u043e\u0432\u0438\u0445 \u043a\u043e\u043d\u0441\u0443\u043b\u044c\u0442\u0430\u043d\u0442\u0456\u0432<\/span>\n\t\t\t\t\t\t\t\t\t\t\t<\/a>\n\t\t\t\t\t\t\t\t\t<\/li>\n\t\t\t\t\t\t<\/ul>\n\t\t\t\t\t\t<\/div>\n\t\t\t\t\t<\/div>\n\t\t<\/div>\n\t\t\t\t\t<\/div>\n\t\t<\/section>\n\t\t\t\t<section class=\"elementor-section elementor-top-section elementor-element elementor-element-0c197c2 elementor-section-height-min-height elementor-section-items-stretch elementor-section-boxed elementor-section-height-default\" data-id=\"0c197c2\" data-element_type=\"section\" data-e-type=\"section\" data-settings=\"{&quot;background_background&quot;:&quot;classic&quot;}\">\n\t\t\t\t\t\t\t<div class=\"elementor-background-overlay\"><\/div>\n\t\t\t\t\t\t\t<div class=\"elementor-container elementor-column-gap-default\">\n\t\t\t\t\t<div class=\"elementor-column elementor-col-100 elementor-top-column elementor-element elementor-element-6049727\" data-id=\"6049727\" data-element_type=\"column\" data-e-type=\"column\">\n\t\t\t<div class=\"elementor-widget-wrap elementor-element-populated\">\n\t\t\t\t\t\t<div class=\"elementor-element elementor-element-08b48cc elementor-widget elementor-widget-heading\" data-id=\"08b48cc\" data-element_type=\"widget\" data-e-type=\"widget\" data-widget_type=\"heading.default\">\n\t\t\t\t\t<div class=\"elementor-heading-title elementor-size-default\">Ubezpieczenie baga\u017cu\u200b\u200b<\/div>\t\t\t\t<\/div>\n\t\t\t\t<div class=\"elementor-element elementor-element-4a097e4 elementor-widget elementor-widget-text-editor\" data-id=\"4a097e4\" data-element_type=\"widget\" data-e-type=\"widget\" data-widget_type=\"text-editor.default\">\n\t\t\t\t\t\t\t\t\t<p>Sprawd\u017a cen\u0119 ubezpieczenia i wybierz najlepsz\u0105 ofert\u0119 \u2013 wszystko online!<\/p>\t\t\t\t\t\t\t\t<\/div>\n\t\t\t\t<div class=\"elementor-element elementor-element-59abcc3 elementor-widget elementor-widget-heading\" data-id=\"59abcc3\" data-element_type=\"widget\" data-e-type=\"widget\" data-widget_type=\"heading.default\">\n\t\t\t\t\t<div class=\"elementor-heading-title elementor-size-default\">Por\u00f3wnuj oferty i kup polis\u0119 wygodnie przez przegl\u0105dark\u0119 \u2013 bez instalowania czegokolwiek!<\/div>\t\t\t\t<\/div>\n\t\t\t\t<section class=\"elementor-section elementor-inner-section elementor-element elementor-element-2cb6847 elementor-section-boxed elementor-section-height-default elementor-section-height-default\" data-id=\"2cb6847\" data-element_type=\"section\" data-e-type=\"section\">\n\t\t\t\t\t\t<div class=\"elementor-container elementor-column-gap-default\">\n\t\t\t\t\t<div class=\"elementor-column elementor-col-50 elementor-inner-column elementor-element elementor-element-f879b11\" data-id=\"f879b11\" data-element_type=\"column\" data-e-type=\"column\">\n\t\t\t<div class=\"elementor-widget-wrap elementor-element-populated\">\n\t\t\t\t\t\t<div class=\"elementor-element elementor-element-ff0b1a5 elementor-align-center elementor-widget elementor-widget-button\" data-id=\"ff0b1a5\" data-element_type=\"widget\" data-e-type=\"widget\" data-widget_type=\"button.default\">\n\t\t\t\t\t\t\t\t\t\t<a class=\"elementor-button elementor-button-link elementor-size-md\" href=\"https:\/\/asekuro.pl\/uk\/ubezpieczenie-samochodu-kalkulator-oc-ac\/\">\n\t\t\t\t\t\t<span class=\"elementor-button-content-wrapper\">\n\t\t\t\t\t\t<span class=\"elementor-button-icon\">\n\t\t\t\t<svg aria-hidden=\"true\" class=\"e-font-icon-svg e-fas-car\" viewbox=\"0 0 512 512\" xmlns=\"http:\/\/www.w3.org\/2000\/svg\"><path d=\"M499.99 176h-59.87l-16.64-41.6C406.38 91.63 365.57 64 319.5 64h-127c-46.06 0-86.88 27.63-103.99 70.4L71.87 176H12.01C4.2 176-1.53 183.34.37 190.91l6 24C7.7 220.25 12.5 224 18.01 224h20.07C24.65 235.73 16 252.78 16 272v48c0 16.12 6.16 30.67 16 41.93V416c0 17.67 14.33 32 32 32h32c17.67 0 32-14.33 32-32v-32h256v32c0 17.67 14.33 32 32 32h32c17.67 0 32-14.33 32-32v-54.07c9.84-11.25 16-25.8 16-41.93v-48c0-19.22-8.65-36.27-22.07-48H494c5.51 0 10.31-3.75 11.64-9.09l6-24c1.89-7.57-3.84-14.91-11.65-14.91zm-352.06-17.83c7.29-18.22 24.94-30.17 44.57-30.17h127c19.63 0 37.28 11.95 44.57 30.17L384 208H128l19.93-49.83zM96 319.8c-19.2 0-32-12.76-32-31.9S76.8 256 96 256s48 28.71 48 47.85-28.8 15.95-48 15.95zm320 0c-19.2 0-48 3.19-48-15.95S396.8 256 416 256s32 12.76 32 31.9-12.8 31.9-32 31.9z\"><\/path><\/svg>\t\t\t<\/span>\n\t\t\t\t\t\t\t\t\t<span class=\"elementor-button-text\">\u041a\u0430\u043b\u044c\u043a\u0443\u043b\u044f\u0442\u043e\u0440 OC\/AC<\/span>\n\t\t\t\t\t<\/span>\n\t\t\t\t\t<\/a>\n\t\t\t\t\t\t\t\t<\/div>\n\t\t\t\t\t<\/div>\n\t\t<\/div>\n\t\t\t\t<div class=\"elementor-column elementor-col-50 elementor-inner-column elementor-element elementor-element-e3d4ffc\" data-id=\"e3d4ffc\" data-element_type=\"column\" data-e-type=\"column\">\n\t\t\t<div class=\"elementor-widget-wrap elementor-element-populated\">\n\t\t\t\t\t\t<div class=\"elementor-element elementor-element-0817542 elementor-align-center elementor-tablet-align-center elementor-widget elementor-widget-button\" data-id=\"0817542\" data-element_type=\"widget\" data-e-type=\"widget\" data-widget_type=\"button.default\">\n\t\t\t\t\t\t\t\t\t\t<a class=\"elementor-button elementor-button-link elementor-size-md\" href=\"https:\/\/asekuro.pl\/uk\/kalkulator-ubezpieczen-turystycznych\/\">\n\t\t\t\t\t\t<span class=\"elementor-button-content-wrapper\">\n\t\t\t\t\t\t<span class=\"elementor-button-icon\">\n\t\t\t\t<svg aria-hidden=\"true\" class=\"e-font-icon-svg e-fas-suitcase-rolling\" viewbox=\"0 0 384 512\" xmlns=\"http:\/\/www.w3.org\/2000\/svg\"><path d=\"M336 160H48c-26.51 0-48 21.49-48 48v224c0 26.51 21.49 48 48 48h16v16c0 8.84 7.16 16 16 16h32c8.84 0 16-7.16 16-16v-16h128v16c0 8.84 7.16 16 16 16h32c8.84 0 16-7.16 16-16v-16h16c26.51 0 48-21.49 48-48V208c0-26.51-21.49-48-48-48zm-16 216c0 4.42-3.58 8-8 8H72c-4.42 0-8-3.58-8-8v-16c0-4.42 3.58-8 8-8h240c4.42 0 8 3.58 8 8v16zm0-96c0 4.42-3.58 8-8 8H72c-4.42 0-8-3.58-8-8v-16c0-4.42 3.58-8 8-8h240c4.42 0 8 3.58 8 8v16zM144 48h96v80h48V48c0-26.51-21.49-48-48-48h-96c-26.51 0-48 21.49-48 48v80h48V48z\"><\/path><\/svg>\t\t\t<\/span>\n\t\t\t\t\t\t\t\t\t<span class=\"elementor-button-text\">\u0422\u0443\u0440\u0438\u0441\u0442\u0438\u0447\u043d\u0438\u0439 \u043a\u0430\u043b\u044c\u043a\u0443\u043b\u044f\u0442\u043e\u0440<\/span>\n\t\t\t\t\t<\/span>\n\t\t\t\t\t<\/a>\n\t\t\t\t\t\t\t\t<\/div>\n\t\t\t\t\t<\/div>\n\t\t<\/div>\n\t\t\t\t\t<\/div>\n\t\t<\/section>\n\t\t\t\t\t<\/div>\n\t\t<\/div>\n\t\t\t\t\t<\/div>\n\t\t<\/section>\n\t\t\t\t<\/div>","protected":false},"excerpt":{"rendered":"<p>Tw\u00f3j baga\u017c \u2013 Twoje bezpiecze\u0144stwo<br \/>\nZgubiony, op\u00f3\u017aniony lub uszkodzony baga\u017c potrafi skutecznie popsu\u0107 nawet najlepiej zaplanowan\u0105 podr\u00f3\u017c. Ubezpieczenie baga\u017cu to ochrona Twoich rzeczy na ka\u017cdym etapie wyjazdu \u2013 od odprawy po powr\u00f3t do domu. Sprawd\u017a, jak niewiele trzeba, by podr\u00f3\u017cowa\u0107 spokojniej.<\/p>","protected":false},"author":4,"featured_media":11725,"parent":0,"menu_order":0,"comment_status":"closed","ping_status":"closed","template":"elementor_header_footer","meta":{"footnotes":""},"class_list":["post-7700","page","type-page","status-publish","has-post-thumbnail","hentry"],"yoast_head":"<!-- This site is optimized with the Yoast SEO Premium plugin v26.9 (Yoast SEO v26.9) - https:\/\/yoast.com\/product\/yoast-seo-premium-wordpress\/ -->\n<title>Ubezpieczenie baga\u017cu - Asekuro<\/title>\n<meta name=\"robots\" content=\"index, follow, max-snippet:-1, max-image-preview:large, max-video-preview:-1\" \/>\n<link rel=\"canonical\" href=\"https:\/\/asekuro.pl\/uk\/ubezpieczenie-bagazu\/\" \/>\n<meta property=\"og:locale\" content=\"uk_UA\" \/>\n<meta property=\"og:type\" content=\"article\" \/>\n<meta property=\"og:title\" content=\"Ubezpieczenie baga\u017cu\" \/>\n<meta property=\"og:description\" content=\"Tw\u00f3j baga\u017c \u2013 Twoje bezpiecze\u0144stwo Zgubiony, op\u00f3\u017aniony lub uszkodzony baga\u017c potrafi skutecznie popsu\u0107 nawet najlepiej zaplanowan\u0105 podr\u00f3\u017c. Ubezpieczenie baga\u017cu to ochrona Twoich rzeczy na ka\u017cdym etapie wyjazdu \u2013 od odprawy po powr\u00f3t do domu. Sprawd\u017a, jak niewiele trzeba, by podr\u00f3\u017cowa\u0107 spokojniej.\" \/>\n<meta property=\"og:url\" content=\"https:\/\/asekuro.pl\/uk\/ubezpieczenie-bagazu\/\" \/>\n<meta property=\"og:site_name\" content=\"Asekuro\" \/>\n<meta property=\"article:publisher\" content=\"https:\/\/www.facebook.com\/asekuro\" \/>\n<meta property=\"article:modified_time\" content=\"2025-06-09T11:07:21+00:00\" \/>\n<meta property=\"og:image\" content=\"https:\/\/asekuro.pl\/wp-content\/uploads\/2025\/06\/ubzepieczenie-bagazu.jpeg\" \/>\n\t<meta property=\"og:image:width\" content=\"2048\" \/>\n\t<meta property=\"og:image:height\" content=\"1110\" \/>\n\t<meta property=\"og:image:type\" content=\"image\/jpeg\" \/>\n<meta name=\"twitter:card\" content=\"summary_large_image\" \/>\n<meta name=\"twitter:label1\" content=\"\u041f\u0440\u0438\u0431\u043b. \u0447\u0430\u0441 \u0447\u0438\u0442\u0430\u043d\u043d\u044f\" \/>\n\t<meta name=\"twitter:data1\" content=\"1 \u0445\u0432\u0438\u043b\u0438\u043d\u0430\" \/>\n<script type=\"application\/ld+json\" class=\"yoast-schema-graph\">{\"@context\":\"https:\/\/schema.org\",\"@graph\":[{\"@type\":\"WebPage\",\"@id\":\"https:\/\/asekuro.pl\/ubezpieczenie-bagazu\/\",\"url\":\"https:\/\/asekuro.pl\/ubezpieczenie-bagazu\/\",\"name\":\"Ubezpieczenie baga\u017cu - Asekuro\",\"isPartOf\":{\"@id\":\"https:\/\/asekuro.pl\/#website\"},\"primaryImageOfPage\":{\"@id\":\"https:\/\/asekuro.pl\/ubezpieczenie-bagazu\/#primaryimage\"},\"image\":{\"@id\":\"https:\/\/asekuro.pl\/ubezpieczenie-bagazu\/#primaryimage\"},\"thumbnailUrl\":\"https:\/\/asekuro.pl\/wp-content\/uploads\/2025\/06\/ubzepieczenie-bagazu.jpeg\",\"datePublished\":\"2024-03-27T15:16:50+00:00\",\"dateModified\":\"2025-06-09T11:07:21+00:00\",\"breadcrumb\":{\"@id\":\"https:\/\/asekuro.pl\/ubezpieczenie-bagazu\/#breadcrumb\"},\"inLanguage\":\"uk\",\"potentialAction\":[{\"@type\":\"ReadAction\",\"target\":[\"https:\/\/asekuro.pl\/ubezpieczenie-bagazu\/\"]}]},{\"@type\":\"ImageObject\",\"inLanguage\":\"uk\",\"@id\":\"https:\/\/asekuro.pl\/ubezpieczenie-bagazu\/#primaryimage\",\"url\":\"https:\/\/asekuro.pl\/wp-content\/uploads\/2025\/06\/ubzepieczenie-bagazu.jpeg\",\"contentUrl\":\"https:\/\/asekuro.pl\/wp-content\/uploads\/2025\/06\/ubzepieczenie-bagazu.jpeg\",\"width\":2048,\"height\":1110},{\"@type\":\"BreadcrumbList\",\"@id\":\"https:\/\/asekuro.pl\/ubezpieczenie-bagazu\/#breadcrumb\",\"itemListElement\":[{\"@type\":\"ListItem\",\"position\":1,\"name\":\"Start\",\"item\":\"https:\/\/asekuro.pl\/\"},{\"@type\":\"ListItem\",\"position\":2,\"name\":\"Ubezpieczenie baga\u017cu\"}]},{\"@type\":\"WebSite\",\"@id\":\"https:\/\/asekuro.pl\/#website\",\"url\":\"https:\/\/asekuro.pl\/\",\"name\":\"Asekuro.pl ubezpieczenia - komunikacja, turystyka, maj\u0105tek, NNW, firma\",\"description\":\"Aplikacja do ta\u0144szych ubezpiecze\u0144\",\"publisher\":{\"@id\":\"https:\/\/asekuro.pl\/#organization\"},\"alternateName\":\"Asekuro.pl - ubezpieczenia OC\/AC, podr\u00f3\u017cne, maj\u0105tkowe, NNW, firmowe\",\"potentialAction\":[{\"@type\":\"SearchAction\",\"target\":{\"@type\":\"EntryPoint\",\"urlTemplate\":\"https:\/\/asekuro.pl\/?s={search_term_string}\"},\"query-input\":{\"@type\":\"PropertyValueSpecification\",\"valueRequired\":true,\"valueName\":\"search_term_string\"}}],\"inLanguage\":\"uk\"},{\"@type\":\"Organization\",\"@id\":\"https:\/\/asekuro.pl\/#organization\",\"name\":\"Asekuro.pl ubezpieczenia - komunikacja, turystyka, maj\u0105tek, NNW, firma\",\"alternateName\":\"Asekuro.pl - Aplikacja do ta\u0144szych ubezpiecze\u0144\",\"url\":\"https:\/\/asekuro.pl\/\",\"logo\":{\"@type\":\"ImageObject\",\"inLanguage\":\"uk\",\"@id\":\"https:\/\/asekuro.pl\/#\/schema\/logo\/image\/\",\"url\":\"http:\/\/asekuro.pl\/wp-content\/uploads\/2022\/04\/asekuro-favicon.png\",\"contentUrl\":\"http:\/\/asekuro.pl\/wp-content\/uploads\/2022\/04\/asekuro-favicon.png\",\"width\":884,\"height\":884,\"caption\":\"Asekuro.pl ubezpieczenia - komunikacja, turystyka, maj\u0105tek, NNW, firma\"},\"image\":{\"@id\":\"https:\/\/asekuro.pl\/#\/schema\/logo\/image\/\"},\"sameAs\":[\"https:\/\/www.facebook.com\/asekuro\",\"https:\/\/www.instagram.com\/asekuro.pl\/\"]}]}<\/script>\n<!-- \/ Yoast SEO Premium plugin. -->","yoast_head_json":{"title":"Ubezpieczenie baga\u017cu - Asekuro","robots":{"index":"index","follow":"follow","max-snippet":"max-snippet:-1","max-image-preview":"max-image-preview:large","max-video-preview":"max-video-preview:-1"},"canonical":"https:\/\/asekuro.pl\/uk\/ubezpieczenie-bagazu\/","og_locale":"uk_UA","og_type":"article","og_title":"Ubezpieczenie baga\u017cu","og_description":"Tw\u00f3j baga\u017c \u2013 Twoje bezpiecze\u0144stwo Zgubiony, op\u00f3\u017aniony lub uszkodzony baga\u017c potrafi skutecznie popsu\u0107 nawet najlepiej zaplanowan\u0105 podr\u00f3\u017c. Ubezpieczenie baga\u017cu to ochrona Twoich rzeczy na ka\u017cdym etapie wyjazdu \u2013 od odprawy po powr\u00f3t do domu. Sprawd\u017a, jak niewiele trzeba, by podr\u00f3\u017cowa\u0107 spokojniej.","og_url":"https:\/\/asekuro.pl\/uk\/ubezpieczenie-bagazu\/","og_site_name":"Asekuro","article_publisher":"https:\/\/www.facebook.com\/asekuro","article_modified_time":"2025-06-09T11:07:21+00:00","og_image":[{"width":2048,"height":1110,"url":"https:\/\/asekuro.pl\/wp-content\/uploads\/2025\/06\/ubzepieczenie-bagazu.jpeg","type":"image\/jpeg"}],"twitter_card":"summary_large_image","twitter_misc":{"\u041f\u0440\u0438\u0431\u043b. \u0447\u0430\u0441 \u0447\u0438\u0442\u0430\u043d\u043d\u044f":"1 \u0445\u0432\u0438\u043b\u0438\u043d\u0430"},"schema":{"@context":"https:\/\/schema.org","@graph":[{"@type":"WebPage","@id":"https:\/\/asekuro.pl\/ubezpieczenie-bagazu\/","url":"https:\/\/asekuro.pl\/ubezpieczenie-bagazu\/","name":"Ubezpieczenie baga\u017cu - Asekuro","isPartOf":{"@id":"https:\/\/asekuro.pl\/#website"},"primaryImageOfPage":{"@id":"https:\/\/asekuro.pl\/ubezpieczenie-bagazu\/#primaryimage"},"image":{"@id":"https:\/\/asekuro.pl\/ubezpieczenie-bagazu\/#primaryimage"},"thumbnailUrl":"https:\/\/asekuro.pl\/wp-content\/uploads\/2025\/06\/ubzepieczenie-bagazu.jpeg","datePublished":"2024-03-27T15:16:50+00:00","dateModified":"2025-06-09T11:07:21+00:00","breadcrumb":{"@id":"https:\/\/asekuro.pl\/ubezpieczenie-bagazu\/#breadcrumb"},"inLanguage":"uk","potentialAction":[{"@type":"ReadAction","target":["https:\/\/asekuro.pl\/ubezpieczenie-bagazu\/"]}]},{"@type":"ImageObject","inLanguage":"uk","@id":"https:\/\/asekuro.pl\/ubezpieczenie-bagazu\/#primaryimage","url":"https:\/\/asekuro.pl\/wp-content\/uploads\/2025\/06\/ubzepieczenie-bagazu.jpeg","contentUrl":"https:\/\/asekuro.pl\/wp-content\/uploads\/2025\/06\/ubzepieczenie-bagazu.jpeg","width":2048,"height":1110},{"@type":"BreadcrumbList","@id":"https:\/\/asekuro.pl\/ubezpieczenie-bagazu\/#breadcrumb","itemListElement":[{"@type":"ListItem","position":1,"name":"Start","item":"https:\/\/asekuro.pl\/"},{"@type":"ListItem","position":2,"name":"Ubezpieczenie baga\u017cu"}]},{"@type":"WebSite","@id":"https:\/\/asekuro.pl\/#website","url":"https:\/\/asekuro.pl\/","name":"Asekuro.pl ubezpieczenia - komunikacja, turystyka, maj\u0105tek, NNW, firma","description":"Aplikacja do ta\u0144szych ubezpiecze\u0144","publisher":{"@id":"https:\/\/asekuro.pl\/#organization"},"alternateName":"Asekuro.pl - ubezpieczenia OC\/AC, podr\u00f3\u017cne, maj\u0105tkowe, NNW, firmowe","potentialAction":[{"@type":"SearchAction","target":{"@type":"EntryPoint","urlTemplate":"https:\/\/asekuro.pl\/?s={search_term_string}"},"query-input":{"@type":"PropertyValueSpecification","valueRequired":true,"valueName":"search_term_string"}}],"inLanguage":"uk"},{"@type":"Organization","@id":"https:\/\/asekuro.pl\/#organization","name":"Asekuro.pl ubezpieczenia - komunikacja, turystyka, maj\u0105tek, NNW, firma","alternateName":"Asekuro.pl - Aplikacja do ta\u0144szych ubezpiecze\u0144","url":"https:\/\/asekuro.pl\/","logo":{"@type":"ImageObject","inLanguage":"uk","@id":"https:\/\/asekuro.pl\/#\/schema\/logo\/image\/","url":"http:\/\/asekuro.pl\/wp-content\/uploads\/2022\/04\/asekuro-favicon.png","contentUrl":"http:\/\/asekuro.pl\/wp-content\/uploads\/2022\/04\/asekuro-favicon.png","width":884,"height":884,"caption":"Asekuro.pl ubezpieczenia - komunikacja, turystyka, maj\u0105tek, NNW, firma"},"image":{"@id":"https:\/\/asekuro.pl\/#\/schema\/logo\/image\/"},"sameAs":["https:\/\/www.facebook.com\/asekuro","https:\/\/www.instagram.com\/asekuro.pl\/"]}]}},"_links":{"self":[{"href":"https:\/\/asekuro.pl\/uk\/wp-json\/wp\/v2\/pages\/7700","targetHints":{"allow":["GET"]}}],"collection":[{"href":"https:\/\/asekuro.pl\/uk\/wp-json\/wp\/v2\/pages"}],"about":[{"href":"https:\/\/asekuro.pl\/uk\/wp-json\/wp\/v2\/types\/page"}],"author":[{"embeddable":true,"href":"https:\/\/asekuro.pl\/uk\/wp-json\/wp\/v2\/users\/4"}],"replies":[{"embeddable":true,"href":"https:\/\/asekuro.pl\/uk\/wp-json\/wp\/v2\/comments?post=7700"}],"version-history":[{"count":10,"href":"https:\/\/asekuro.pl\/uk\/wp-json\/wp\/v2\/pages\/7700\/revisions"}],"predecessor-version":[{"id":11728,"href":"https:\/\/asekuro.pl\/uk\/wp-json\/wp\/v2\/pages\/7700\/revisions\/11728"}],"wp:featuredmedia":[{"embeddable":true,"href":"https:\/\/asekuro.pl\/uk\/wp-json\/wp\/v2\/media\/11725"}],"wp:attachment":[{"href":"https:\/\/asekuro.pl\/uk\/wp-json\/wp\/v2\/media?parent=7700"}],"curies":[{"name":"wp","href":"https:\/\/api.w.org\/{rel}","templated":true}]}}