{"id":7707,"date":"2024-03-27T16:19:12","date_gmt":"2024-03-27T15:19:12","guid":{"rendered":"https:\/\/asekuro.pl\/?page_id=7707"},"modified":"2025-06-09T12:48:43","modified_gmt":"2025-06-09T10:48:43","slug":"samochod-zastepczy","status":"publish","type":"page","link":"https:\/\/asekuro.pl\/uk\/samochod-zastepczy\/","title":{"rendered":"Samoch\u00f3d zast\u0119pczy"},"content":{"rendered":"<div data-elementor-type=\"wp-page\" data-elementor-id=\"7707\" class=\"elementor elementor-7707\" data-elementor-post-type=\"page\">\n\t\t\t\t\t\t<section class=\"elementor-section elementor-top-section elementor-element elementor-element-7616af9 elementor-hidden-tablet elementor-hidden-phone elementor-section-boxed elementor-section-height-default elementor-section-height-default\" data-id=\"7616af9\" data-element_type=\"section\" data-e-type=\"section\" data-settings=\"{&quot;background_background&quot;:&quot;classic&quot;}\">\n\t\t\t\t\t\t<div class=\"elementor-container elementor-column-gap-default\">\n\t\t\t\t\t<div class=\"elementor-column elementor-col-100 elementor-top-column elementor-element elementor-element-9c4f01e\" data-id=\"9c4f01e\" data-element_type=\"column\" data-e-type=\"column\">\n\t\t\t<div class=\"elementor-widget-wrap elementor-element-populated\">\n\t\t\t\t\t\t<div class=\"elementor-element elementor-element-3d9f95a elementor-icon-list--layout-inline elementor-align-center elementor-list-item-link-full_width elementor-widget elementor-widget-icon-list\" data-id=\"3d9f95a\" data-element_type=\"widget\" data-e-type=\"widget\" data-widget_type=\"icon-list.default\">\n\t\t\t\t\t\t\t<ul class=\"elementor-icon-list-items elementor-inline-items\">\n\t\t\t\t\t\t\t<li class=\"elementor-icon-list-item elementor-inline-item\">\n\t\t\t\t\t\t\t\t\t\t\t<a href=\"https:\/\/asekuro.pl\/uk\/ubezpieczenie-komunikacyjne\/\">\n\n\t\t\t\t\t\t\t\t\t\t\t<span class=\"elementor-icon-list-text\">\u0410\u0432\u0442\u043e\u0441\u0442\u0440\u0430\u0445\u0443\u0432\u0430\u043d\u043d\u044f<\/span>\n\t\t\t\t\t\t\t\t\t\t\t<\/a>\n\t\t\t\t\t\t\t\t\t<\/li>\n\t\t\t\t\t\t\t\t<li class=\"elementor-icon-list-item elementor-inline-item\">\n\t\t\t\t\t\t\t\t\t\t\t<a href=\"https:\/\/asekuro.pl\/uk\/ubezpieczenie-turystyczne\/\">\n\n\t\t\t\t\t\t\t\t\t\t\t<span class=\"elementor-icon-list-text\">\u041f\u043e\u0434\u043e\u0440\u043e\u0436\u0456<\/span>\n\t\t\t\t\t\t\t\t\t\t\t<\/a>\n\t\t\t\t\t\t\t\t\t<\/li>\n\t\t\t\t\t\t\t\t<li class=\"elementor-icon-list-item elementor-inline-item\">\n\t\t\t\t\t\t\t\t\t\t\t<a href=\"https:\/\/asekuro.pl\/uk\/ubezpieczenie-telefonu\/\">\n\n\t\t\t\t\t\t\t\t\t\t\t<span class=\"elementor-icon-list-text\">Smartfony<\/span>\n\t\t\t\t\t\t\t\t\t\t\t<\/a>\n\t\t\t\t\t\t\t\t\t<\/li>\n\t\t\t\t\t\t\t\t<li class=\"elementor-icon-list-item elementor-inline-item\">\n\t\t\t\t\t\t\t\t\t\t\t<a href=\"https:\/\/asekuro.pl\/uk\/ubezpieczenie-roweru\/\">\n\n\t\t\t\t\t\t\t\t\t\t\t<span class=\"elementor-icon-list-text\">Rowery<\/span>\n\t\t\t\t\t\t\t\t\t\t\t<\/a>\n\t\t\t\t\t\t\t\t\t<\/li>\n\t\t\t\t\t\t\t\t<li class=\"elementor-icon-list-item elementor-inline-item\">\n\t\t\t\t\t\t\t\t\t\t\t<a href=\"https:\/\/asekuro.pl\/uk\/ubezpieczenie-nnw\/\">\n\n\t\t\t\t\t\t\t\t\t\t\t<span class=\"elementor-icon-list-text\">\u041d\u0435\u0449\u0430\u0441\u043d\u0438\u0439 \u0432\u0438\u043f\u0430\u0434\u043e\u043a<\/span>\n\t\t\t\t\t\t\t\t\t\t\t<\/a>\n\t\t\t\t\t\t\t\t\t<\/li>\n\t\t\t\t\t\t\t\t<li class=\"elementor-icon-list-item elementor-inline-item\">\n\t\t\t\t\t\t\t\t\t\t\t<a href=\"https:\/\/asekuro.pl\/uk\/ubezpieczenie-majatkowe\/\">\n\n\t\t\t\t\t\t\t\t\t\t\t<span class=\"elementor-icon-list-text\">\u041c\u0430\u0439\u043d\u043e<\/span>\n\t\t\t\t\t\t\t\t\t\t\t<\/a>\n\t\t\t\t\t\t\t\t\t<\/li>\n\t\t\t\t\t\t\t\t<li class=\"elementor-icon-list-item elementor-inline-item\">\n\t\t\t\t\t\t\t\t\t\t\t<a href=\"https:\/\/asekuro.pl\/uk\/ubezpieczenie-firmowe\/\">\n\n\t\t\t\t\t\t\t\t\t\t\t<span class=\"elementor-icon-list-text\">\u041a\u043e\u043c\u043f\u0430\u043d\u0456\u044f<\/span>\n\t\t\t\t\t\t\t\t\t\t\t<\/a>\n\t\t\t\t\t\t\t\t\t<\/li>\n\t\t\t\t\t\t\t\t<li class=\"elementor-icon-list-item elementor-inline-item\">\n\t\t\t\t\t\t\t\t\t\t\t<a href=\"https:\/\/asekuro.pl\/uk\/ubezpieczenie-oc-biur-rachunkowych\/\">\n\n\t\t\t\t\t\t\t\t\t\t\t<span class=\"elementor-icon-list-text\">\u041e\u0421 \u0434\u043b\u044f \u0431\u0443\u0445\u0433\u0430\u043b\u0442\u0435\u0440\u0456\u0457<\/span>\n\t\t\t\t\t\t\t\t\t\t\t<\/a>\n\t\t\t\t\t\t\t\t\t<\/li>\n\t\t\t\t\t\t\t\t<li class=\"elementor-icon-list-item elementor-inline-item\">\n\t\t\t\t\t\t\t\t\t\t\t<a href=\"https:\/\/asekuro.pl\/uk\/ubezpieczenie-oc-doradcow-podatkowych\/\">\n\n\t\t\t\t\t\t\t\t\t\t\t<span class=\"elementor-icon-list-text\">\u041e\u0421 \u0434\u043b\u044f \u043f\u043e\u0434\u0430\u0442\u043a\u043e\u0432\u0438\u0445 \u043a\u043e\u043d\u0441\u0443\u043b\u044c\u0442\u0430\u043d\u0442\u0456\u0432<\/span>\n\t\t\t\t\t\t\t\t\t\t\t<\/a>\n\t\t\t\t\t\t\t\t\t<\/li>\n\t\t\t\t\t\t<\/ul>\n\t\t\t\t\t\t<\/div>\n\t\t\t\t\t<\/div>\n\t\t<\/div>\n\t\t\t\t\t<\/div>\n\t\t<\/section>\n\t\t\t\t<section class=\"elementor-section elementor-top-section elementor-element elementor-element-5b61769 elementor-section-height-min-height elementor-section-items-stretch elementor-section-boxed elementor-section-height-default\" data-id=\"5b61769\" data-element_type=\"section\" data-e-type=\"section\" data-settings=\"{&quot;background_background&quot;:&quot;classic&quot;}\">\n\t\t\t\t\t\t\t<div class=\"elementor-background-overlay\"><\/div>\n\t\t\t\t\t\t\t<div class=\"elementor-container elementor-column-gap-default\">\n\t\t\t\t\t<div class=\"elementor-column elementor-col-100 elementor-top-column elementor-element elementor-element-588eb7a\" data-id=\"588eb7a\" data-element_type=\"column\" data-e-type=\"column\">\n\t\t\t<div class=\"elementor-widget-wrap elementor-element-populated\">\n\t\t\t\t\t\t<div class=\"elementor-element elementor-element-f4f7576 elementor-widget elementor-widget-heading\" data-id=\"f4f7576\" data-element_type=\"widget\" data-e-type=\"widget\" data-widget_type=\"heading.default\">\n\t\t\t\t\t<div class=\"elementor-heading-title elementor-size-default\">Samoch\u00f3d zast\u0119pczy\u200b<\/div>\t\t\t\t<\/div>\n\t\t\t\t<div class=\"elementor-element elementor-element-4f75a7c elementor-widget elementor-widget-text-editor\" data-id=\"4f75a7c\" data-element_type=\"widget\" data-e-type=\"widget\" data-widget_type=\"text-editor.default\">\n\t\t\t\t\t\t\t\t\t<p>Sprawd\u017a cen\u0119 ubezpieczenia i wybierz najlepsz\u0105 ofert\u0119 \u2013 wszystko online!<\/p>\t\t\t\t\t\t\t\t<\/div>\n\t\t\t\t<div class=\"elementor-element elementor-element-879f6c7 elementor-widget elementor-widget-heading\" data-id=\"879f6c7\" data-element_type=\"widget\" data-e-type=\"widget\" data-widget_type=\"heading.default\">\n\t\t\t\t\t<div class=\"elementor-heading-title elementor-size-default\">Por\u00f3wnuj oferty i kup polis\u0119 wygodnie przez przegl\u0105dark\u0119 \u2013 bez instalowania czegokolwiek!<\/div>\t\t\t\t<\/div>\n\t\t\t\t<section class=\"elementor-section elementor-inner-section elementor-element elementor-element-ad9868c elementor-section-boxed elementor-section-height-default elementor-section-height-default\" data-id=\"ad9868c\" data-element_type=\"section\" data-e-type=\"section\">\n\t\t\t\t\t\t<div class=\"elementor-container elementor-column-gap-default\">\n\t\t\t\t\t<div class=\"elementor-column elementor-col-50 elementor-inner-column elementor-element elementor-element-3d0a3c2\" data-id=\"3d0a3c2\" data-element_type=\"column\" data-e-type=\"column\">\n\t\t\t<div class=\"elementor-widget-wrap elementor-element-populated\">\n\t\t\t\t\t\t<div class=\"elementor-element elementor-element-1f65191 elementor-align-center elementor-widget elementor-widget-button\" data-id=\"1f65191\" data-element_type=\"widget\" data-e-type=\"widget\" data-widget_type=\"button.default\">\n\t\t\t\t\t\t\t\t\t\t<a class=\"elementor-button elementor-button-link elementor-size-md\" href=\"https:\/\/asekuro.pl\/uk\/ubezpieczenie-samochodu-kalkulator-oc-ac\/\">\n\t\t\t\t\t\t<span class=\"elementor-button-content-wrapper\">\n\t\t\t\t\t\t<span class=\"elementor-button-icon\">\n\t\t\t\t<svg aria-hidden=\"true\" class=\"e-font-icon-svg e-fas-car\" viewbox=\"0 0 512 512\" xmlns=\"http:\/\/www.w3.org\/2000\/svg\"><path d=\"M499.99 176h-59.87l-16.64-41.6C406.38 91.63 365.57 64 319.5 64h-127c-46.06 0-86.88 27.63-103.99 70.4L71.87 176H12.01C4.2 176-1.53 183.34.37 190.91l6 24C7.7 220.25 12.5 224 18.01 224h20.07C24.65 235.73 16 252.78 16 272v48c0 16.12 6.16 30.67 16 41.93V416c0 17.67 14.33 32 32 32h32c17.67 0 32-14.33 32-32v-32h256v32c0 17.67 14.33 32 32 32h32c17.67 0 32-14.33 32-32v-54.07c9.84-11.25 16-25.8 16-41.93v-48c0-19.22-8.65-36.27-22.07-48H494c5.51 0 10.31-3.75 11.64-9.09l6-24c1.89-7.57-3.84-14.91-11.65-14.91zm-352.06-17.83c7.29-18.22 24.94-30.17 44.57-30.17h127c19.63 0 37.28 11.95 44.57 30.17L384 208H128l19.93-49.83zM96 319.8c-19.2 0-32-12.76-32-31.9S76.8 256 96 256s48 28.71 48 47.85-28.8 15.95-48 15.95zm320 0c-19.2 0-48 3.19-48-15.95S396.8 256 416 256s32 12.76 32 31.9-12.8 31.9-32 31.9z\"><\/path><\/svg>\t\t\t<\/span>\n\t\t\t\t\t\t\t\t\t<span class=\"elementor-button-text\">\u041a\u0430\u043b\u044c\u043a\u0443\u043b\u044f\u0442\u043e\u0440 OC\/AC<\/span>\n\t\t\t\t\t<\/span>\n\t\t\t\t\t<\/a>\n\t\t\t\t\t\t\t\t<\/div>\n\t\t\t\t\t<\/div>\n\t\t<\/div>\n\t\t\t\t<div class=\"elementor-column elementor-col-50 elementor-inner-column elementor-element elementor-element-81137f4\" data-id=\"81137f4\" data-element_type=\"column\" data-e-type=\"column\">\n\t\t\t<div class=\"elementor-widget-wrap elementor-element-populated\">\n\t\t\t\t\t\t<div class=\"elementor-element elementor-element-feefd8c elementor-align-center elementor-tablet-align-center elementor-widget elementor-widget-button\" data-id=\"feefd8c\" data-element_type=\"widget\" data-e-type=\"widget\" data-widget_type=\"button.default\">\n\t\t\t\t\t\t\t\t\t\t<a class=\"elementor-button elementor-button-link elementor-size-md\" href=\"https:\/\/asekuro.pl\/uk\/kalkulator-ubezpieczen-turystycznych\/\">\n\t\t\t\t\t\t<span class=\"elementor-button-content-wrapper\">\n\t\t\t\t\t\t<span class=\"elementor-button-icon\">\n\t\t\t\t<svg aria-hidden=\"true\" class=\"e-font-icon-svg e-fas-suitcase-rolling\" viewbox=\"0 0 384 512\" xmlns=\"http:\/\/www.w3.org\/2000\/svg\"><path d=\"M336 160H48c-26.51 0-48 21.49-48 48v224c0 26.51 21.49 48 48 48h16v16c0 8.84 7.16 16 16 16h32c8.84 0 16-7.16 16-16v-16h128v16c0 8.84 7.16 16 16 16h32c8.84 0 16-7.16 16-16v-16h16c26.51 0 48-21.49 48-48V208c0-26.51-21.49-48-48-48zm-16 216c0 4.42-3.58 8-8 8H72c-4.42 0-8-3.58-8-8v-16c0-4.42 3.58-8 8-8h240c4.42 0 8 3.58 8 8v16zm0-96c0 4.42-3.58 8-8 8H72c-4.42 0-8-3.58-8-8v-16c0-4.42 3.58-8 8-8h240c4.42 0 8 3.58 8 8v16zM144 48h96v80h48V48c0-26.51-21.49-48-48-48h-96c-26.51 0-48 21.49-48 48v80h48V48z\"><\/path><\/svg>\t\t\t<\/span>\n\t\t\t\t\t\t\t\t\t<span class=\"elementor-button-text\">\u0422\u0443\u0440\u0438\u0441\u0442\u0438\u0447\u043d\u0438\u0439 \u043a\u0430\u043b\u044c\u043a\u0443\u043b\u044f\u0442\u043e\u0440<\/span>\n\t\t\t\t\t<\/span>\n\t\t\t\t\t<\/a>\n\t\t\t\t\t\t\t\t<\/div>\n\t\t\t\t\t<\/div>\n\t\t<\/div>\n\t\t\t\t\t<\/div>\n\t\t<\/section>\n\t\t\t\t\t<\/div>\n\t\t<\/div>\n\t\t\t\t\t<\/div>\n\t\t<\/section>\n\t\t\t\t<\/div>","protected":false},"excerpt":{"rendered":"<p>Awaria lub kolizja? Nie zostaniesz bez auta!<br \/>\nSamoch\u00f3d zast\u0119pczy z OC sprawcy lub z w\u0142asnej polisy to realna pomoc, gdy Twoje auto trafia do warsztatu. Dzi\u0119ki temu mo\u017cesz dalej pracowa\u0107, odwozi\u0107 dzieci do szko\u0142y czy jecha\u0107 na zakupy \u2013 bez przestoj\u00f3w i stresu. Sprawd\u017a, jak \u0142atwo zapewni\u0107 sobie mobilno\u015b\u0107 w ka\u017cdej sytuacji.<\/p>","protected":false},"author":4,"featured_media":11699,"parent":0,"menu_order":0,"comment_status":"closed","ping_status":"closed","template":"elementor_header_footer","meta":{"footnotes":""},"class_list":["post-7707","page","type-page","status-publish","has-post-thumbnail","hentry"],"yoast_head":"<!-- This site is optimized with the Yoast SEO Premium plugin v26.9 (Yoast SEO v26.9) - https:\/\/yoast.com\/product\/yoast-seo-premium-wordpress\/ -->\n<title>Samoch\u00f3d zast\u0119pczy - Asekuro<\/title>\n<meta name=\"robots\" content=\"index, follow, max-snippet:-1, max-image-preview:large, max-video-preview:-1\" \/>\n<link rel=\"canonical\" href=\"https:\/\/asekuro.pl\/uk\/samochod-zastepczy\/\" \/>\n<meta property=\"og:locale\" content=\"uk_UA\" \/>\n<meta property=\"og:type\" content=\"article\" \/>\n<meta property=\"og:title\" content=\"Samoch\u00f3d zast\u0119pczy\" \/>\n<meta property=\"og:description\" content=\"Awaria lub kolizja? Nie zostaniesz bez auta! Samoch\u00f3d zast\u0119pczy z OC sprawcy lub z w\u0142asnej polisy to realna pomoc, gdy Twoje auto trafia do warsztatu. Dzi\u0119ki temu mo\u017cesz dalej pracowa\u0107, odwozi\u0107 dzieci do szko\u0142y czy jecha\u0107 na zakupy \u2013 bez przestoj\u00f3w i stresu. Sprawd\u017a, jak \u0142atwo zapewni\u0107 sobie mobilno\u015b\u0107 w ka\u017cdej sytuacji.\" \/>\n<meta property=\"og:url\" content=\"https:\/\/asekuro.pl\/uk\/samochod-zastepczy\/\" \/>\n<meta property=\"og:site_name\" content=\"Asekuro\" \/>\n<meta property=\"article:publisher\" content=\"https:\/\/www.facebook.com\/asekuro\" \/>\n<meta property=\"article:modified_time\" content=\"2025-06-09T10:48:43+00:00\" \/>\n<meta property=\"og:image\" content=\"https:\/\/asekuro.pl\/wp-content\/uploads\/2025\/06\/samochod-zastepczy.png\" \/>\n\t<meta property=\"og:image:width\" content=\"1536\" \/>\n\t<meta property=\"og:image:height\" content=\"1024\" \/>\n\t<meta property=\"og:image:type\" content=\"image\/png\" \/>\n<meta name=\"twitter:card\" content=\"summary_large_image\" \/>\n<meta name=\"twitter:label1\" content=\"\u041f\u0440\u0438\u0431\u043b. \u0447\u0430\u0441 \u0447\u0438\u0442\u0430\u043d\u043d\u044f\" \/>\n\t<meta name=\"twitter:data1\" content=\"1 \u0445\u0432\u0438\u043b\u0438\u043d\u0430\" \/>\n<script type=\"application\/ld+json\" class=\"yoast-schema-graph\">{\"@context\":\"https:\/\/schema.org\",\"@graph\":[{\"@type\":\"WebPage\",\"@id\":\"https:\/\/asekuro.pl\/samochod-zastepczy\/\",\"url\":\"https:\/\/asekuro.pl\/samochod-zastepczy\/\",\"name\":\"Samoch\u00f3d zast\u0119pczy - Asekuro\",\"isPartOf\":{\"@id\":\"https:\/\/asekuro.pl\/#website\"},\"primaryImageOfPage\":{\"@id\":\"https:\/\/asekuro.pl\/samochod-zastepczy\/#primaryimage\"},\"image\":{\"@id\":\"https:\/\/asekuro.pl\/samochod-zastepczy\/#primaryimage\"},\"thumbnailUrl\":\"https:\/\/asekuro.pl\/wp-content\/uploads\/2025\/06\/samochod-zastepczy.png\",\"datePublished\":\"2024-03-27T15:19:12+00:00\",\"dateModified\":\"2025-06-09T10:48:43+00:00\",\"breadcrumb\":{\"@id\":\"https:\/\/asekuro.pl\/samochod-zastepczy\/#breadcrumb\"},\"inLanguage\":\"uk\",\"potentialAction\":[{\"@type\":\"ReadAction\",\"target\":[\"https:\/\/asekuro.pl\/samochod-zastepczy\/\"]}]},{\"@type\":\"ImageObject\",\"inLanguage\":\"uk\",\"@id\":\"https:\/\/asekuro.pl\/samochod-zastepczy\/#primaryimage\",\"url\":\"https:\/\/asekuro.pl\/wp-content\/uploads\/2025\/06\/samochod-zastepczy.png\",\"contentUrl\":\"https:\/\/asekuro.pl\/wp-content\/uploads\/2025\/06\/samochod-zastepczy.png\",\"width\":1536,\"height\":1024},{\"@type\":\"BreadcrumbList\",\"@id\":\"https:\/\/asekuro.pl\/samochod-zastepczy\/#breadcrumb\",\"itemListElement\":[{\"@type\":\"ListItem\",\"position\":1,\"name\":\"Start\",\"item\":\"https:\/\/asekuro.pl\/\"},{\"@type\":\"ListItem\",\"position\":2,\"name\":\"Samoch\u00f3d zast\u0119pczy\"}]},{\"@type\":\"WebSite\",\"@id\":\"https:\/\/asekuro.pl\/#website\",\"url\":\"https:\/\/asekuro.pl\/\",\"name\":\"Asekuro.pl ubezpieczenia - komunikacja, turystyka, maj\u0105tek, NNW, firma\",\"description\":\"Aplikacja do ta\u0144szych ubezpiecze\u0144\",\"publisher\":{\"@id\":\"https:\/\/asekuro.pl\/#organization\"},\"alternateName\":\"Asekuro.pl - ubezpieczenia OC\/AC, podr\u00f3\u017cne, maj\u0105tkowe, NNW, firmowe\",\"potentialAction\":[{\"@type\":\"SearchAction\",\"target\":{\"@type\":\"EntryPoint\",\"urlTemplate\":\"https:\/\/asekuro.pl\/?s={search_term_string}\"},\"query-input\":{\"@type\":\"PropertyValueSpecification\",\"valueRequired\":true,\"valueName\":\"search_term_string\"}}],\"inLanguage\":\"uk\"},{\"@type\":\"Organization\",\"@id\":\"https:\/\/asekuro.pl\/#organization\",\"name\":\"Asekuro.pl ubezpieczenia - komunikacja, turystyka, maj\u0105tek, NNW, firma\",\"alternateName\":\"Asekuro.pl - Aplikacja do ta\u0144szych ubezpiecze\u0144\",\"url\":\"https:\/\/asekuro.pl\/\",\"logo\":{\"@type\":\"ImageObject\",\"inLanguage\":\"uk\",\"@id\":\"https:\/\/asekuro.pl\/#\/schema\/logo\/image\/\",\"url\":\"http:\/\/asekuro.pl\/wp-content\/uploads\/2022\/04\/asekuro-favicon.png\",\"contentUrl\":\"http:\/\/asekuro.pl\/wp-content\/uploads\/2022\/04\/asekuro-favicon.png\",\"width\":884,\"height\":884,\"caption\":\"Asekuro.pl ubezpieczenia - komunikacja, turystyka, maj\u0105tek, NNW, firma\"},\"image\":{\"@id\":\"https:\/\/asekuro.pl\/#\/schema\/logo\/image\/\"},\"sameAs\":[\"https:\/\/www.facebook.com\/asekuro\",\"https:\/\/www.instagram.com\/asekuro.pl\/\"]}]}<\/script>\n<!-- \/ Yoast SEO Premium plugin. -->","yoast_head_json":{"title":"Samoch\u00f3d zast\u0119pczy - Asekuro","robots":{"index":"index","follow":"follow","max-snippet":"max-snippet:-1","max-image-preview":"max-image-preview:large","max-video-preview":"max-video-preview:-1"},"canonical":"https:\/\/asekuro.pl\/uk\/samochod-zastepczy\/","og_locale":"uk_UA","og_type":"article","og_title":"Samoch\u00f3d zast\u0119pczy","og_description":"Awaria lub kolizja? Nie zostaniesz bez auta! Samoch\u00f3d zast\u0119pczy z OC sprawcy lub z w\u0142asnej polisy to realna pomoc, gdy Twoje auto trafia do warsztatu. Dzi\u0119ki temu mo\u017cesz dalej pracowa\u0107, odwozi\u0107 dzieci do szko\u0142y czy jecha\u0107 na zakupy \u2013 bez przestoj\u00f3w i stresu. Sprawd\u017a, jak \u0142atwo zapewni\u0107 sobie mobilno\u015b\u0107 w ka\u017cdej sytuacji.","og_url":"https:\/\/asekuro.pl\/uk\/samochod-zastepczy\/","og_site_name":"Asekuro","article_publisher":"https:\/\/www.facebook.com\/asekuro","article_modified_time":"2025-06-09T10:48:43+00:00","og_image":[{"width":1536,"height":1024,"url":"https:\/\/asekuro.pl\/wp-content\/uploads\/2025\/06\/samochod-zastepczy.png","type":"image\/png"}],"twitter_card":"summary_large_image","twitter_misc":{"\u041f\u0440\u0438\u0431\u043b. \u0447\u0430\u0441 \u0447\u0438\u0442\u0430\u043d\u043d\u044f":"1 \u0445\u0432\u0438\u043b\u0438\u043d\u0430"},"schema":{"@context":"https:\/\/schema.org","@graph":[{"@type":"WebPage","@id":"https:\/\/asekuro.pl\/samochod-zastepczy\/","url":"https:\/\/asekuro.pl\/samochod-zastepczy\/","name":"Samoch\u00f3d zast\u0119pczy - Asekuro","isPartOf":{"@id":"https:\/\/asekuro.pl\/#website"},"primaryImageOfPage":{"@id":"https:\/\/asekuro.pl\/samochod-zastepczy\/#primaryimage"},"image":{"@id":"https:\/\/asekuro.pl\/samochod-zastepczy\/#primaryimage"},"thumbnailUrl":"https:\/\/asekuro.pl\/wp-content\/uploads\/2025\/06\/samochod-zastepczy.png","datePublished":"2024-03-27T15:19:12+00:00","dateModified":"2025-06-09T10:48:43+00:00","breadcrumb":{"@id":"https:\/\/asekuro.pl\/samochod-zastepczy\/#breadcrumb"},"inLanguage":"uk","potentialAction":[{"@type":"ReadAction","target":["https:\/\/asekuro.pl\/samochod-zastepczy\/"]}]},{"@type":"ImageObject","inLanguage":"uk","@id":"https:\/\/asekuro.pl\/samochod-zastepczy\/#primaryimage","url":"https:\/\/asekuro.pl\/wp-content\/uploads\/2025\/06\/samochod-zastepczy.png","contentUrl":"https:\/\/asekuro.pl\/wp-content\/uploads\/2025\/06\/samochod-zastepczy.png","width":1536,"height":1024},{"@type":"BreadcrumbList","@id":"https:\/\/asekuro.pl\/samochod-zastepczy\/#breadcrumb","itemListElement":[{"@type":"ListItem","position":1,"name":"Start","item":"https:\/\/asekuro.pl\/"},{"@type":"ListItem","position":2,"name":"Samoch\u00f3d zast\u0119pczy"}]},{"@type":"WebSite","@id":"https:\/\/asekuro.pl\/#website","url":"https:\/\/asekuro.pl\/","name":"Asekuro.pl ubezpieczenia - komunikacja, turystyka, maj\u0105tek, NNW, firma","description":"Aplikacja do ta\u0144szych ubezpiecze\u0144","publisher":{"@id":"https:\/\/asekuro.pl\/#organization"},"alternateName":"Asekuro.pl - ubezpieczenia OC\/AC, podr\u00f3\u017cne, maj\u0105tkowe, NNW, firmowe","potentialAction":[{"@type":"SearchAction","target":{"@type":"EntryPoint","urlTemplate":"https:\/\/asekuro.pl\/?s={search_term_string}"},"query-input":{"@type":"PropertyValueSpecification","valueRequired":true,"valueName":"search_term_string"}}],"inLanguage":"uk"},{"@type":"Organization","@id":"https:\/\/asekuro.pl\/#organization","name":"Asekuro.pl ubezpieczenia - komunikacja, turystyka, maj\u0105tek, NNW, firma","alternateName":"Asekuro.pl - Aplikacja do ta\u0144szych ubezpiecze\u0144","url":"https:\/\/asekuro.pl\/","logo":{"@type":"ImageObject","inLanguage":"uk","@id":"https:\/\/asekuro.pl\/#\/schema\/logo\/image\/","url":"http:\/\/asekuro.pl\/wp-content\/uploads\/2022\/04\/asekuro-favicon.png","contentUrl":"http:\/\/asekuro.pl\/wp-content\/uploads\/2022\/04\/asekuro-favicon.png","width":884,"height":884,"caption":"Asekuro.pl ubezpieczenia - komunikacja, turystyka, maj\u0105tek, NNW, firma"},"image":{"@id":"https:\/\/asekuro.pl\/#\/schema\/logo\/image\/"},"sameAs":["https:\/\/www.facebook.com\/asekuro","https:\/\/www.instagram.com\/asekuro.pl\/"]}]}},"_links":{"self":[{"href":"https:\/\/asekuro.pl\/uk\/wp-json\/wp\/v2\/pages\/7707","targetHints":{"allow":["GET"]}}],"collection":[{"href":"https:\/\/asekuro.pl\/uk\/wp-json\/wp\/v2\/pages"}],"about":[{"href":"https:\/\/asekuro.pl\/uk\/wp-json\/wp\/v2\/types\/page"}],"author":[{"embeddable":true,"href":"https:\/\/asekuro.pl\/uk\/wp-json\/wp\/v2\/users\/4"}],"replies":[{"embeddable":true,"href":"https:\/\/asekuro.pl\/uk\/wp-json\/wp\/v2\/comments?post=7707"}],"version-history":[{"count":10,"href":"https:\/\/asekuro.pl\/uk\/wp-json\/wp\/v2\/pages\/7707\/revisions"}],"predecessor-version":[{"id":11702,"href":"https:\/\/asekuro.pl\/uk\/wp-json\/wp\/v2\/pages\/7707\/revisions\/11702"}],"wp:featuredmedia":[{"embeddable":true,"href":"https:\/\/asekuro.pl\/uk\/wp-json\/wp\/v2\/media\/11699"}],"wp:attachment":[{"href":"https:\/\/asekuro.pl\/uk\/wp-json\/wp\/v2\/media?parent=7707"}],"curies":[{"name":"wp","href":"https:\/\/api.w.org\/{rel}","templated":true}]}}